{"id":993,"date":"2025-08-20T12:04:08","date_gmt":"2025-08-20T12:04:08","guid":{"rendered":"https:\/\/3ads.ro\/clients\/renault\/?page_id=993"},"modified":"2026-02-02T12:04:31","modified_gmt":"2026-02-02T12:04:31","slug":"renault-megane-sedan-autoerebus-dealer-renault","status":"publish","type":"page","link":"https:\/\/autoerebus.ro\/renault\/?page_id=993","title":{"rendered":"Renault Megane Sedan  &#8211; Autoerebus &#8211; Dealer Renault"},"content":{"rendered":"\t\t<div data-elementor-type=\"wp-page\" data-elementor-id=\"993\" class=\"elementor elementor-993\" data-elementor-post-type=\"page\">\n\t\t\t\t<div class=\"elementor-element elementor-element-d9dded0 e-flex e-con-boxed e-con e-parent\" data-id=\"d9dded0\" data-element_type=\"container\" data-settings=\"{&quot;background_background&quot;:&quot;slideshow&quot;,&quot;background_slideshow_gallery&quot;:[{&quot;id&quot;:995,&quot;url&quot;:&quot;https:\\\/\\\/autoerebus.ro\\\/renault\\\/wp-content\\\/uploads\\\/2025\\\/08\\\/3f09dfe6d3.webp&quot;}],&quot;background_slideshow_loop&quot;:&quot;yes&quot;,&quot;background_slideshow_slide_duration&quot;:5000,&quot;background_slideshow_slide_transition&quot;:&quot;fade&quot;,&quot;background_slideshow_transition_duration&quot;:500}\">\n\t\t\t\t\t<div class=\"e-con-inner\">\n\t\t<div class=\"elementor-element elementor-element-4f35c88 e-con-full e-flex e-con e-child\" data-id=\"4f35c88\" data-element_type=\"container\">\n\t\t\t\t<div class=\"elementor-element elementor-element-944fe27 elementor-widget elementor-widget-heading\" data-id=\"944fe27\" data-element_type=\"widget\" data-widget_type=\"heading.default\">\n\t\t\t\t\t<h2 class=\"elementor-heading-title elementor-size-default\">renault <\/h2>\t\t\t\t<\/div>\n\t\t\t\t<div class=\"elementor-element elementor-element-8187888 elementor-widget elementor-widget-heading\" data-id=\"8187888\" data-element_type=\"widget\" data-widget_type=\"heading.default\">\n\t\t\t\t\t<h2 class=\"elementor-heading-title elementor-size-default\">megane sedan<\/h2>\t\t\t\t<\/div>\n\t\t\t\t<div class=\"elementor-element elementor-element-e526838 elementor-widget elementor-widget-heading\" data-id=\"e526838\" data-element_type=\"widget\" data-widget_type=\"heading.default\">\n\t\t\t\t\t<h2 class=\"elementor-heading-title elementor-size-default\">de la 24.550  EUR<\/h2>\t\t\t\t<\/div>\n\t\t<div class=\"elementor-element elementor-element-8c8aebc e-con-full e-flex e-con e-child\" data-id=\"8c8aebc\" data-element_type=\"container\">\n\t\t<div class=\"elementor-element elementor-element-c0427f4 e-con-full elementor-hidden-tablet elementor-hidden-mobile e-flex e-con e-child\" data-id=\"c0427f4\" data-element_type=\"container\">\n\t\t\t\t<div class=\"elementor-element elementor-element-75e8e0d elementor-align-right elementor-mobile-align-center elementor-widget elementor-widget-button\" data-id=\"75e8e0d\" data-element_type=\"widget\" data-widget_type=\"button.default\">\n\t\t\t\t\t\t\t\t\t\t<a class=\"elementor-button elementor-button-link elementor-size-sm\" href=\"https:\/\/autoerebus.ro\/renault\/?page_id=884\">\n\t\t\t\t\t\t<span class=\"elementor-button-content-wrapper\">\n\t\t\t\t\t\t\t\t\t<span class=\"elementor-button-text\">cere o ofert\u0103<\/span>\n\t\t\t\t\t<\/span>\n\t\t\t\t\t<\/a>\n\t\t\t\t\t\t\t\t<\/div>\n\t\t\t\t<\/div>\n\t\t<div class=\"elementor-element elementor-element-4ea843e e-con-full elementor-hidden-tablet elementor-hidden-mobile e-flex e-con e-child\" data-id=\"4ea843e\" data-element_type=\"container\">\n\t\t\t\t<div class=\"elementor-element elementor-element-db9e612 elementor-align-left elementor-mobile-align-center elementor-widget elementor-widget-button\" data-id=\"db9e612\" data-element_type=\"widget\" data-widget_type=\"button.default\">\n\t\t\t\t\t\t\t\t\t\t<a class=\"elementor-button elementor-button-link elementor-size-sm\" href=\"#\">\n\t\t\t\t\t\t<span class=\"elementor-button-content-wrapper\">\n\t\t\t\t\t\t\t\t\t<span class=\"elementor-button-text\">test drive<\/span>\n\t\t\t\t\t<\/span>\n\t\t\t\t\t<\/a>\n\t\t\t\t\t\t\t\t<\/div>\n\t\t\t\t<\/div>\n\t\t\t\t<\/div>\n\t\t\t\t<\/div>\n\t\t\t\t\t<\/div>\n\t\t\t\t<\/div>\n\t\t<div class=\"elementor-element elementor-element-6240ae9 e-flex e-con-boxed e-con e-parent\" data-id=\"6240ae9\" data-element_type=\"container\" data-settings=\"{&quot;background_background&quot;:&quot;slideshow&quot;,&quot;background_slideshow_gallery&quot;:[{&quot;id&quot;:996,&quot;url&quot;:&quot;https:\\\/\\\/autoerebus.ro\\\/renault\\\/wp-content\\\/uploads\\\/2025\\\/08\\\/db07147583.webp&quot;}],&quot;background_slideshow_loop&quot;:&quot;yes&quot;,&quot;background_slideshow_slide_duration&quot;:5000,&quot;background_slideshow_slide_transition&quot;:&quot;fade&quot;,&quot;background_slideshow_transition_duration&quot;:500}\">\n\t\t\t\t\t<div class=\"e-con-inner\">\n\t\t<div class=\"elementor-element elementor-element-d9fd826 e-con-full e-flex e-con e-child\" data-id=\"d9fd826\" data-element_type=\"container\">\n\t\t\t\t<div class=\"elementor-element elementor-element-db380a1 elementor-widget elementor-widget-heading\" data-id=\"db380a1\" data-element_type=\"widget\" data-widget_type=\"heading.default\">\n\t\t\t\t\t<h5 class=\"elementor-heading-title elementor-size-default\">O berlin\u0103 atr\u0103g\u0103toare <br>\u0219i sofisticat\u0103<\/h5>\t\t\t\t<\/div>\n\t\t\t\t<\/div>\n\t\t<div class=\"elementor-element elementor-element-4bc59f5 e-con-full e-flex e-con e-child\" data-id=\"4bc59f5\" data-element_type=\"container\">\n\t\t\t\t<div class=\"elementor-element elementor-element-f183bd5 elementor-widget elementor-widget-heading\" data-id=\"f183bd5\" data-element_type=\"widget\" data-widget_type=\"heading.default\">\n\t\t\t\t\t<h5 class=\"elementor-heading-title elementor-size-default\">Cu profilul s\u0103u sportiv, partea din fa\u021b\u0103 redesenat\u0103, eviden\u021biat\u0103 de grila cromat\u0103, farurile \u00een form\u0103 C-Shape, jantele de 16\u2033 sau 17\u2033 \u0219i interiorul elegant, hi-tech... Megane Sedan \u00ee\u021bi va st\u00e2rni cu siguran\u021b\u0103 interesul. Preg\u0103te\u0219te-te pentru multe c\u0103l\u0103torii la volanul s\u0103u!<\/h5>\t\t\t\t<\/div>\n\t\t\t\t<\/div>\n\t\t<div class=\"elementor-element elementor-element-7134cb7 e-con-full e-flex e-con e-child\" data-id=\"7134cb7\" data-element_type=\"container\">\n\t\t<div class=\"elementor-element elementor-element-4bf3e8c e-con-full e-flex e-con e-child\" data-id=\"4bf3e8c\" data-element_type=\"container\">\n\t\t<div class=\"elementor-element elementor-element-61c14a2 e-con-full e-flex e-con e-child\" data-id=\"61c14a2\" data-element_type=\"container\">\n\t\t\t\t<\/div>\n\t\t\t\t<\/div>\n\t\t\t\t<\/div>\n\t\t\t\t\t<\/div>\n\t\t\t\t<\/div>\n\t\t<div class=\"elementor-element elementor-element-32f3614 e-flex e-con-boxed e-con e-parent\" data-id=\"32f3614\" data-element_type=\"container\" data-settings=\"{&quot;background_background&quot;:&quot;slideshow&quot;,&quot;background_slideshow_gallery&quot;:[{&quot;id&quot;:997,&quot;url&quot;:&quot;https:\\\/\\\/autoerebus.ro\\\/renault\\\/wp-content\\\/uploads\\\/2025\\\/08\\\/a9dae0e1a9.webp&quot;}],&quot;background_slideshow_loop&quot;:&quot;yes&quot;,&quot;background_slideshow_slide_duration&quot;:5000,&quot;background_slideshow_slide_transition&quot;:&quot;fade&quot;,&quot;background_slideshow_transition_duration&quot;:500}\">\n\t\t\t\t\t<div class=\"e-con-inner\">\n\t\t<div class=\"elementor-element elementor-element-fd4b583 e-con-full e-flex e-con e-child\" data-id=\"fd4b583\" data-element_type=\"container\">\n\t\t\t\t<div class=\"elementor-element elementor-element-7b29721 elementor-widget elementor-widget-heading\" data-id=\"7b29721\" data-element_type=\"widget\" data-widget_type=\"heading.default\">\n\t\t\t\t\t<h5 class=\"elementor-heading-title elementor-size-default\">experien\u021ba la bord<\/h5>\t\t\t\t<\/div>\n\t\t\t\t<div class=\"elementor-element elementor-element-0f2ec7d elementor-widget elementor-widget-heading\" data-id=\"0f2ec7d\" data-element_type=\"widget\" data-widget_type=\"heading.default\">\n\t\t\t\t\t<h5 class=\"elementor-heading-title elementor-size-default\">Tehnologie de ultim\u0103 genera\u021bie<\/h5>\t\t\t\t<\/div>\n\t\t\t\t<\/div>\n\t\t\t\t\t<\/div>\n\t\t\t\t<\/div>\n\t\t<div class=\"elementor-element elementor-element-f70a887 elementor-hidden-desktop e-flex e-con-boxed e-con e-parent\" data-id=\"f70a887\" data-element_type=\"container\" data-settings=\"{&quot;position&quot;:&quot;fixed&quot;,&quot;motion_fx_motion_fx_scrolling&quot;:&quot;yes&quot;,&quot;sticky&quot;:&quot;bottom&quot;,&quot;sticky_on&quot;:[&quot;tablet&quot;,&quot;mobile&quot;],&quot;motion_fx_devices&quot;:[&quot;desktop&quot;,&quot;tablet&quot;,&quot;mobile&quot;],&quot;sticky_offset&quot;:0,&quot;sticky_effects_offset&quot;:0,&quot;sticky_anchor_link_offset&quot;:0}\">\n\t\t\t\t\t<div class=\"e-con-inner\">\n\t\t<div class=\"elementor-element elementor-element-a748420 e-con-full e-flex e-con e-child\" data-id=\"a748420\" data-element_type=\"container\">\n\t\t\t\t<div class=\"elementor-element elementor-element-cb552bc elementor-align-left elementor-mobile-align-justify elementor-hidden-desktop elementor-widget elementor-widget-button\" data-id=\"cb552bc\" data-element_type=\"widget\" data-widget_type=\"button.default\">\n\t\t\t\t\t\t\t\t\t\t<a class=\"elementor-button elementor-button-link elementor-size-sm\" href=\"https:\/\/autoerebus.ro\/renault\/?page_id=884\">\n\t\t\t\t\t\t<span class=\"elementor-button-content-wrapper\">\n\t\t\t\t\t\t\t\t\t<span class=\"elementor-button-text\">cere o ofert\u0103<\/span>\n\t\t\t\t\t<\/span>\n\t\t\t\t\t<\/a>\n\t\t\t\t\t\t\t\t<\/div>\n\t\t\t\t<\/div>\n\t\t<div class=\"elementor-element elementor-element-b16608a e-con-full e-flex e-con e-child\" data-id=\"b16608a\" data-element_type=\"container\">\n\t\t\t\t<div class=\"elementor-element elementor-element-0cf15bc elementor-align-left elementor-mobile-align-justify elementor-hidden-desktop elementor-widget elementor-widget-button\" data-id=\"0cf15bc\" data-element_type=\"widget\" data-widget_type=\"button.default\">\n\t\t\t\t\t\t\t\t\t\t<a class=\"elementor-button elementor-button-link elementor-size-sm\" href=\"#\">\n\t\t\t\t\t\t<span class=\"elementor-button-content-wrapper\">\n\t\t\t\t\t\t\t\t\t<span class=\"elementor-button-text\">test drive<\/span>\n\t\t\t\t\t<\/span>\n\t\t\t\t\t<\/a>\n\t\t\t\t\t\t\t\t<\/div>\n\t\t\t\t<\/div>\n\t\t\t\t\t<\/div>\n\t\t\t\t<\/div>\n\t\t\t\t<\/div>\n\t\t","protected":false},"excerpt":{"rendered":"<p>renault megane sedan de la 24.550 EUR cere o ofert\u0103 test drive O berlin\u0103 atr\u0103g\u0103toare \u0219i sofisticat\u0103 Cu profilul s\u0103u sportiv, partea din fa\u021b\u0103 redesenat\u0103, eviden\u021biat\u0103 de grila cromat\u0103, farurile \u00een form\u0103 C-Shape, jantele de 16\u2033 sau 17\u2033 \u0219i interiorul elegant, hi-tech&#8230; Megane Sedan \u00ee\u021bi va st\u00e2rni cu siguran\u021b\u0103 interesul. Preg\u0103te\u0219te-te pentru multe c\u0103l\u0103torii la [&hellip;]<\/p>\n","protected":false},"author":1,"featured_media":0,"parent":0,"menu_order":0,"comment_status":"closed","ping_status":"closed","template":"elementor_header_footer","meta":{"inline_featured_image":false,"footnotes":""},"class_list":["post-993","page","type-page","status-publish","hentry"],"_links":{"self":[{"href":"https:\/\/autoerebus.ro\/renault\/index.php?rest_route=\/wp\/v2\/pages\/993","targetHints":{"allow":["GET"]}}],"collection":[{"href":"https:\/\/autoerebus.ro\/renault\/index.php?rest_route=\/wp\/v2\/pages"}],"about":[{"href":"https:\/\/autoerebus.ro\/renault\/index.php?rest_route=\/wp\/v2\/types\/page"}],"author":[{"embeddable":true,"href":"https:\/\/autoerebus.ro\/renault\/index.php?rest_route=\/wp\/v2\/users\/1"}],"replies":[{"embeddable":true,"href":"https:\/\/autoerebus.ro\/renault\/index.php?rest_route=%2Fwp%2Fv2%2Fcomments&post=993"}],"version-history":[{"count":10,"href":"https:\/\/autoerebus.ro\/renault\/index.php?rest_route=\/wp\/v2\/pages\/993\/revisions"}],"predecessor-version":[{"id":1494,"href":"https:\/\/autoerebus.ro\/renault\/index.php?rest_route=\/wp\/v2\/pages\/993\/revisions\/1494"}],"wp:attachment":[{"href":"https:\/\/autoerebus.ro\/renault\/index.php?rest_route=%2Fwp%2Fv2%2Fmedia&parent=993"}],"curies":[{"name":"wp","href":"https:\/\/api.w.org\/{rel}","templated":true}]}}