{"id":968,"date":"2025-08-20T07:53:56","date_gmt":"2025-08-20T07:53:56","guid":{"rendered":"https:\/\/3ads.ro\/clients\/renault\/?page_id=968"},"modified":"2025-10-14T11:02:48","modified_gmt":"2025-10-14T11:02:48","slug":"renault-5-turbo-3e-autoerebus-dealer-renault","status":"publish","type":"page","link":"https:\/\/autoerebus.ro\/renault\/?page_id=968","title":{"rendered":"Renault 5 Turbo 3E &#8211; Autoerebus &#8211; Dealer Renault"},"content":{"rendered":"\t\t<div data-elementor-type=\"wp-page\" data-elementor-id=\"968\" class=\"elementor elementor-968\" data-elementor-post-type=\"page\">\n\t\t\t\t<div class=\"elementor-element elementor-element-d9dded0 e-flex e-con-boxed e-con e-parent\" data-id=\"d9dded0\" data-element_type=\"container\" data-settings=\"{&quot;background_background&quot;:&quot;slideshow&quot;,&quot;background_slideshow_gallery&quot;:[{&quot;id&quot;:970,&quot;url&quot;:&quot;https:\\\/\\\/autoerebus.ro\\\/renault\\\/wp-content\\\/uploads\\\/2025\\\/08\\\/0d9d8e6e36.jpg&quot;}],&quot;background_slideshow_loop&quot;:&quot;yes&quot;,&quot;background_slideshow_slide_duration&quot;:5000,&quot;background_slideshow_slide_transition&quot;:&quot;fade&quot;,&quot;background_slideshow_transition_duration&quot;:500}\">\n\t\t\t\t\t<div class=\"e-con-inner\">\n\t\t<div class=\"elementor-element elementor-element-4f35c88 e-con-full e-flex e-con e-child\" data-id=\"4f35c88\" data-element_type=\"container\">\n\t\t\t\t<div class=\"elementor-element elementor-element-944fe27 elementor-widget elementor-widget-heading\" data-id=\"944fe27\" data-element_type=\"widget\" data-widget_type=\"heading.default\">\n\t\t\t\t\t<h2 class=\"elementor-heading-title elementor-size-default\">renault 5<\/h2>\t\t\t\t<\/div>\n\t\t\t\t<div class=\"elementor-element elementor-element-8187888 elementor-widget elementor-widget-heading\" data-id=\"8187888\" data-element_type=\"widget\" data-widget_type=\"heading.default\">\n\t\t\t\t\t<h2 class=\"elementor-heading-title elementor-size-default\">turbo 3e<\/h2>\t\t\t\t<\/div>\n\t\t<div class=\"elementor-element elementor-element-8c8aebc e-con-full e-flex e-con e-child\" data-id=\"8c8aebc\" data-element_type=\"container\">\n\t\t<div class=\"elementor-element elementor-element-c0427f4 e-con-full elementor-hidden-tablet elementor-hidden-mobile e-flex e-con e-child\" data-id=\"c0427f4\" data-element_type=\"container\">\n\t\t\t\t<div class=\"elementor-element elementor-element-75e8e0d elementor-align-right elementor-mobile-align-center elementor-widget elementor-widget-button\" data-id=\"75e8e0d\" data-element_type=\"widget\" data-widget_type=\"button.default\">\n\t\t\t\t\t\t\t\t\t\t<a class=\"elementor-button elementor-button-link elementor-size-sm\" href=\"http:\/\/3ads.ro\/clients\/renault\/cere-o-oferta?masina=5turbo3e\">\n\t\t\t\t\t\t<span class=\"elementor-button-content-wrapper\">\n\t\t\t\t\t\t\t\t\t<span class=\"elementor-button-text\">cere o ofert\u0103<\/span>\n\t\t\t\t\t<\/span>\n\t\t\t\t\t<\/a>\n\t\t\t\t\t\t\t\t<\/div>\n\t\t\t\t<\/div>\n\t\t<div class=\"elementor-element elementor-element-4ea843e e-con-full elementor-hidden-tablet elementor-hidden-mobile e-flex e-con e-child\" data-id=\"4ea843e\" data-element_type=\"container\">\n\t\t\t\t<div class=\"elementor-element elementor-element-db9e612 elementor-align-left elementor-mobile-align-center elementor-widget elementor-widget-button\" data-id=\"db9e612\" data-element_type=\"widget\" data-widget_type=\"button.default\">\n\t\t\t\t\t\t\t\t\t\t<a class=\"elementor-button elementor-button-link elementor-size-sm\" href=\"#\">\n\t\t\t\t\t\t<span class=\"elementor-button-content-wrapper\">\n\t\t\t\t\t\t\t\t\t<span class=\"elementor-button-text\">test drive<\/span>\n\t\t\t\t\t<\/span>\n\t\t\t\t\t<\/a>\n\t\t\t\t\t\t\t\t<\/div>\n\t\t\t\t<\/div>\n\t\t\t\t<\/div>\n\t\t\t\t<\/div>\n\t\t\t\t\t<\/div>\n\t\t\t\t<\/div>\n\t\t<div class=\"elementor-element elementor-element-6240ae9 e-flex e-con-boxed e-con e-parent\" data-id=\"6240ae9\" data-element_type=\"container\" data-settings=\"{&quot;background_background&quot;:&quot;slideshow&quot;,&quot;background_slideshow_gallery&quot;:[{&quot;id&quot;:978,&quot;url&quot;:&quot;https:\\\/\\\/autoerebus.ro\\\/renault\\\/wp-content\\\/uploads\\\/2025\\\/08\\\/17f4d8ea45.jpg&quot;}],&quot;background_slideshow_loop&quot;:&quot;yes&quot;,&quot;background_slideshow_slide_duration&quot;:5000,&quot;background_slideshow_slide_transition&quot;:&quot;fade&quot;,&quot;background_slideshow_transition_duration&quot;:500}\">\n\t\t\t\t\t<div class=\"e-con-inner\">\n\t\t<div class=\"elementor-element elementor-element-d9fd826 e-con-full e-flex e-con e-child\" data-id=\"d9fd826\" data-element_type=\"container\">\n\t\t\t\t<div class=\"elementor-element elementor-element-db380a1 elementor-widget elementor-widget-heading\" data-id=\"db380a1\" data-element_type=\"widget\" data-widget_type=\"heading.default\">\n\t\t\t\t\t<h5 class=\"elementor-heading-title elementor-size-default\">spiritul turbo <br>revine<\/h5>\t\t\t\t<\/div>\n\t\t\t\t<\/div>\n\t\t<div class=\"elementor-element elementor-element-4bc59f5 e-con-full e-flex e-con e-child\" data-id=\"4bc59f5\" data-element_type=\"container\">\n\t\t\t\t<div class=\"elementor-element elementor-element-f183bd5 elementor-widget elementor-widget-heading\" data-id=\"f183bd5\" data-element_type=\"widget\" data-widget_type=\"heading.default\">\n\t\t\t\t\t<h5 class=\"elementor-heading-title elementor-size-default\">\u00cen 1980, Renault 5 Turbo a fost primul model de serie francez cu motor pe benzin\u0103 cu turbocompresor, ce furniza o putere de 160 CP. <br><Br>\n \n \u00cen 2025, Renault 5 Turbo 3E reinterpreteaz\u0103 acest model legendar, echipat cu 2 motoare electrice care totalizeaz\u0103 555 CP\u00b9 \u0219i performan\u021be mult superioare. <br><Br>\n \n Accelera\u021bii instantanee, manevrabilitate de invidiat, senza\u021bii electrizante: spiritul turbo revine. 1.980 unit\u0103\u021bi produse, cu op\u021biuni de personalizare \u0219i chiar modele complet personalizate create de designeri. <\/h5>\t\t\t\t<\/div>\n\t\t\t\t<\/div>\n\t\t<div class=\"elementor-element elementor-element-7134cb7 e-con-full e-flex e-con e-child\" data-id=\"7134cb7\" data-element_type=\"container\">\n\t\t<div class=\"elementor-element elementor-element-4bf3e8c e-con-full e-flex e-con e-child\" data-id=\"4bf3e8c\" data-element_type=\"container\">\n\t\t<div class=\"elementor-element elementor-element-61c14a2 e-con-full e-flex e-con e-child\" data-id=\"61c14a2\" data-element_type=\"container\">\n\t\t\t\t<\/div>\n\t\t\t\t<\/div>\n\t\t\t\t<\/div>\n\t\t\t\t\t<\/div>\n\t\t\t\t<\/div>\n\t\t<div class=\"elementor-element elementor-element-32f3614 e-flex e-con-boxed e-con e-parent\" data-id=\"32f3614\" data-element_type=\"container\" data-settings=\"{&quot;background_background&quot;:&quot;classic&quot;}\">\n\t\t\t\t\t<div class=\"e-con-inner\">\n\t\t<div class=\"elementor-element elementor-element-d04497b e-con-full e-flex e-con e-child\" data-id=\"d04497b\" data-element_type=\"container\">\n\t\t<div class=\"elementor-element elementor-element-68ba037 e-con-full e-flex e-con e-child\" data-id=\"68ba037\" data-element_type=\"container\">\n\t\t<div class=\"elementor-element elementor-element-46e2067 e-con-full e-flex e-con e-child\" data-id=\"46e2067\" data-element_type=\"container\">\n\t\t\t\t<div class=\"elementor-element elementor-element-243d8e0 elementor-widget elementor-widget-heading\" data-id=\"243d8e0\" data-element_type=\"widget\" data-widget_type=\"heading.default\">\n\t\t\t\t\t<h5 class=\"elementor-heading-title elementor-size-default\">edi\u021bie limitat\u0103<\/h5>\t\t\t\t<\/div>\n\t\t\t\t<div class=\"elementor-element elementor-element-65a1f72 elementor-widget elementor-widget-heading\" data-id=\"65a1f72\" data-element_type=\"widget\" data-widget_type=\"heading.default\">\n\t\t\t\t\t<h5 class=\"elementor-heading-title elementor-size-default\">1.980 unit\u0103\u021bi<\/h5>\t\t\t\t<\/div>\n\t\t\t\t<div class=\"elementor-element elementor-element-ef27117 elementor-widget elementor-widget-heading\" data-id=\"ef27117\" data-element_type=\"widget\" data-widget_type=\"heading.default\">\n\t\t\t\t\t<h5 class=\"elementor-heading-title elementor-size-default\">0 - 100 km\/h \u00een mai pu\u021bin de<\/h5>\t\t\t\t<\/div>\n\t\t\t\t<div class=\"elementor-element elementor-element-4c8a8e5 elementor-widget elementor-widget-heading\" data-id=\"4c8a8e5\" data-element_type=\"widget\" data-widget_type=\"heading.default\">\n\t\t\t\t\t<h5 class=\"elementor-heading-title elementor-size-default\">3,5 secunde<\/h5>\t\t\t\t<\/div>\n\t\t\t\t<div class=\"elementor-element elementor-element-49f6481 elementor-widget elementor-widget-heading\" data-id=\"49f6481\" data-element_type=\"widget\" data-widget_type=\"heading.default\">\n\t\t\t\t\t<h5 class=\"elementor-heading-title elementor-size-default\">mas\u0103 la gol<\/h5>\t\t\t\t<\/div>\n\t\t\t\t<div class=\"elementor-element elementor-element-778dc35 elementor-widget elementor-widget-heading\" data-id=\"778dc35\" data-element_type=\"widget\" data-widget_type=\"heading.default\">\n\t\t\t\t\t<h5 class=\"elementor-heading-title elementor-size-default\">1.450 kg\n<\/h5>\t\t\t\t<\/div>\n\t\t\t\t<\/div>\n\t\t<div class=\"elementor-element elementor-element-e094d7c e-con-full e-flex e-con e-child\" data-id=\"e094d7c\" data-element_type=\"container\">\n\t\t\t\t<div class=\"elementor-element elementor-element-b61f9f6 elementor-widget elementor-widget-heading\" data-id=\"b61f9f6\" data-element_type=\"widget\" data-widget_type=\"heading.default\">\n\t\t\t\t\t<h5 class=\"elementor-heading-title elementor-size-default\">putere max<\/h5>\t\t\t\t<\/div>\n\t\t\t\t<div class=\"elementor-element elementor-element-fa999cc elementor-widget elementor-widget-heading\" data-id=\"fa999cc\" data-element_type=\"widget\" data-widget_type=\"heading.default\">\n\t\t\t\t\t<h5 class=\"elementor-heading-title elementor-size-default\">555 CP\n<\/h5>\t\t\t\t<\/div>\n\t\t\t\t<div class=\"elementor-element elementor-element-dd379cb elementor-widget elementor-widget-heading\" data-id=\"dd379cb\" data-element_type=\"widget\" data-widget_type=\"heading.default\">\n\t\t\t\t\t<h5 class=\"elementor-heading-title elementor-size-default\">vitez\u0103 maxim\u0103 pe circuit<\/h5>\t\t\t\t<\/div>\n\t\t\t\t<div class=\"elementor-element elementor-element-843f192 elementor-widget elementor-widget-heading\" data-id=\"843f192\" data-element_type=\"widget\" data-widget_type=\"heading.default\">\n\t\t\t\t\t<h5 class=\"elementor-heading-title elementor-size-default\">270 km\/h<\/h5>\t\t\t\t<\/div>\n\t\t\t\t<div class=\"elementor-element elementor-element-a814aa4 elementor-widget elementor-widget-heading\" data-id=\"a814aa4\" data-element_type=\"widget\" data-widget_type=\"heading.default\">\n\t\t\t\t\t<h5 class=\"elementor-heading-title elementor-size-default\">\u00eenc\u0103rcare de la 15% la 80%\n\n<\/h5>\t\t\t\t<\/div>\n\t\t\t\t<div class=\"elementor-element elementor-element-7179eb2 elementor-widget elementor-widget-heading\" data-id=\"7179eb2\" data-element_type=\"widget\" data-widget_type=\"heading.default\">\n\t\t\t\t\t<h5 class=\"elementor-heading-title elementor-size-default\">15 min.<\/h5>\t\t\t\t<\/div>\n\t\t\t\t<\/div>\n\t\t\t\t<\/div>\n\t\t\t\t<\/div>\n\t\t\t\t\t<\/div>\n\t\t\t\t<\/div>\n\t\t<div class=\"elementor-element elementor-element-8d36a98 e-flex e-con-boxed e-con e-parent\" data-id=\"8d36a98\" data-element_type=\"container\" data-settings=\"{&quot;background_background&quot;:&quot;slideshow&quot;,&quot;background_slideshow_gallery&quot;:[{&quot;id&quot;:986,&quot;url&quot;:&quot;https:\\\/\\\/autoerebus.ro\\\/renault\\\/wp-content\\\/uploads\\\/2025\\\/08\\\/105a3141e5.webp&quot;}],&quot;background_slideshow_loop&quot;:&quot;yes&quot;,&quot;background_slideshow_slide_duration&quot;:5000,&quot;background_slideshow_slide_transition&quot;:&quot;fade&quot;,&quot;background_slideshow_transition_duration&quot;:500}\">\n\t\t\t\t\t<div class=\"e-con-inner\">\n\t\t<div class=\"elementor-element elementor-element-cb0ac11 e-con-full e-flex e-con e-child\" data-id=\"cb0ac11\" data-element_type=\"container\">\n\t\t\t\t<div class=\"elementor-element elementor-element-2a08f32 elementor-widget elementor-widget-heading\" data-id=\"2a08f32\" data-element_type=\"widget\" data-widget_type=\"heading.default\">\n\t\t\t\t\t<h5 class=\"elementor-heading-title elementor-size-default\">structur\u0103 <br>agil\u0103<\/h5>\t\t\t\t<\/div>\n\t\t\t\t<\/div>\n\t\t<div class=\"elementor-element elementor-element-023d073 e-con-full e-flex e-con e-child\" data-id=\"023d073\" data-element_type=\"container\">\n\t\t\t\t<div class=\"elementor-element elementor-element-723d294 elementor-widget elementor-widget-heading\" data-id=\"723d294\" data-element_type=\"widget\" data-widget_type=\"heading.default\">\n\t\t\t\t\t<h5 class=\"elementor-heading-title elementor-size-default\">Caroseria din carbon a modelului Renault 5 Turbo 3E \u00eembin\u0103 rigiditatea maximizat\u0103 \u0219i masa redus\u0103, pentru o agilitate optim\u0103. Echilibrul dintre mas\u0103, putere \u0219i \u021binuta de drum ofer\u0103 o experien\u021b\u0103 incitant\u0103 la volan.<\/h5>\t\t\t\t<\/div>\n\t\t\t\t<\/div>\n\t\t<div class=\"elementor-element elementor-element-55cd5a9 e-con-full e-flex e-con e-child\" data-id=\"55cd5a9\" data-element_type=\"container\">\n\t\t<div class=\"elementor-element elementor-element-ff6637f e-con-full e-flex e-con e-child\" data-id=\"ff6637f\" data-element_type=\"container\">\n\t\t<div class=\"elementor-element elementor-element-049e7a5 e-con-full e-flex e-con e-child\" data-id=\"049e7a5\" data-element_type=\"container\">\n\t\t\t\t<div class=\"elementor-element elementor-element-2d7c4fb elementor-widget elementor-widget-heading\" data-id=\"2d7c4fb\" data-element_type=\"widget\" data-widget_type=\"heading.default\">\n\t\t\t\t\t<h5 class=\"elementor-heading-title elementor-size-default\">mas\u0103 la gol \n<\/h5>\t\t\t\t<\/div>\n\t\t\t\t<\/div>\n\t\t\t\t<div class=\"elementor-element elementor-element-9945808 elementor-widget elementor-widget-heading\" data-id=\"9945808\" data-element_type=\"widget\" data-widget_type=\"heading.default\">\n\t\t\t\t\t<h5 class=\"elementor-heading-title elementor-size-default\">1 450 kg<\/h5>\t\t\t\t<\/div>\n\t\t\t\t<div class=\"elementor-element elementor-element-9651899 elementor-widget elementor-widget-heading\" data-id=\"9651899\" data-element_type=\"widget\" data-widget_type=\"heading.default\">\n\t\t\t\t\t<h5 class=\"elementor-heading-title elementor-size-default\">raport masa\/putere \n<\/h5>\t\t\t\t<\/div>\n\t\t\t\t<div class=\"elementor-element elementor-element-1527e7a elementor-widget elementor-widget-heading\" data-id=\"1527e7a\" data-element_type=\"widget\" data-widget_type=\"heading.default\">\n\t\t\t\t\t<h5 class=\"elementor-heading-title elementor-size-default\">2,6 kg\/cp<\/h5>\t\t\t\t<\/div>\n\t\t<div class=\"elementor-element elementor-element-0588e4d e-con-full e-flex e-con e-child\" data-id=\"0588e4d\" data-element_type=\"container\">\n\t\t\t\t<\/div>\n\t\t\t\t<\/div>\n\t\t\t\t<\/div>\n\t\t\t\t\t<\/div>\n\t\t\t\t<\/div>\n\t\t<div class=\"elementor-element elementor-element-f70a887 elementor-hidden-desktop e-flex e-con-boxed e-con e-parent\" data-id=\"f70a887\" data-element_type=\"container\" data-settings=\"{&quot;position&quot;:&quot;fixed&quot;,&quot;motion_fx_motion_fx_scrolling&quot;:&quot;yes&quot;,&quot;sticky&quot;:&quot;bottom&quot;,&quot;sticky_on&quot;:[&quot;tablet&quot;,&quot;mobile&quot;],&quot;motion_fx_devices&quot;:[&quot;desktop&quot;,&quot;tablet&quot;,&quot;mobile&quot;],&quot;sticky_offset&quot;:0,&quot;sticky_effects_offset&quot;:0,&quot;sticky_anchor_link_offset&quot;:0}\">\n\t\t\t\t\t<div class=\"e-con-inner\">\n\t\t<div class=\"elementor-element elementor-element-a748420 e-con-full e-flex e-con e-child\" data-id=\"a748420\" data-element_type=\"container\">\n\t\t\t\t<div class=\"elementor-element elementor-element-cb552bc elementor-align-left elementor-mobile-align-justify elementor-hidden-desktop elementor-widget elementor-widget-button\" data-id=\"cb552bc\" data-element_type=\"widget\" data-widget_type=\"button.default\">\n\t\t\t\t\t\t\t\t\t\t<a class=\"elementor-button elementor-button-link elementor-size-sm\" href=\"https:\/\/autoerebus.ro\/renault\/?page_id=884\">\n\t\t\t\t\t\t<span class=\"elementor-button-content-wrapper\">\n\t\t\t\t\t\t\t\t\t<span class=\"elementor-button-text\">cere o ofert\u0103<\/span>\n\t\t\t\t\t<\/span>\n\t\t\t\t\t<\/a>\n\t\t\t\t\t\t\t\t<\/div>\n\t\t\t\t<\/div>\n\t\t<div class=\"elementor-element elementor-element-b16608a e-con-full e-flex e-con e-child\" data-id=\"b16608a\" data-element_type=\"container\">\n\t\t\t\t<div class=\"elementor-element elementor-element-0cf15bc elementor-align-left elementor-mobile-align-justify elementor-hidden-desktop elementor-widget elementor-widget-button\" data-id=\"0cf15bc\" data-element_type=\"widget\" data-widget_type=\"button.default\">\n\t\t\t\t\t\t\t\t\t\t<a class=\"elementor-button elementor-button-link elementor-size-sm\" href=\"#\">\n\t\t\t\t\t\t<span class=\"elementor-button-content-wrapper\">\n\t\t\t\t\t\t\t\t\t<span class=\"elementor-button-text\">test drive<\/span>\n\t\t\t\t\t<\/span>\n\t\t\t\t\t<\/a>\n\t\t\t\t\t\t\t\t<\/div>\n\t\t\t\t<\/div>\n\t\t\t\t\t<\/div>\n\t\t\t\t<\/div>\n\t\t\t\t<\/div>\n\t\t","protected":false},"excerpt":{"rendered":"<p>renault 5 turbo 3e cere o ofert\u0103 test drive spiritul turbo revine \u00cen 1980, Renault 5 Turbo a fost primul model de serie francez cu motor pe benzin\u0103 cu turbocompresor, ce furniza o putere de 160 CP. \u00cen 2025, Renault 5 Turbo 3E reinterpreteaz\u0103 acest model legendar, echipat cu 2 motoare electrice care totalizeaz\u0103 555 [&hellip;]<\/p>\n","protected":false},"author":1,"featured_media":0,"parent":0,"menu_order":0,"comment_status":"closed","ping_status":"closed","template":"elementor_header_footer","meta":{"inline_featured_image":false,"footnotes":""},"class_list":["post-968","page","type-page","status-publish","hentry"],"_links":{"self":[{"href":"https:\/\/autoerebus.ro\/renault\/index.php?rest_route=\/wp\/v2\/pages\/968","targetHints":{"allow":["GET"]}}],"collection":[{"href":"https:\/\/autoerebus.ro\/renault\/index.php?rest_route=\/wp\/v2\/pages"}],"about":[{"href":"https:\/\/autoerebus.ro\/renault\/index.php?rest_route=\/wp\/v2\/types\/page"}],"author":[{"embeddable":true,"href":"https:\/\/autoerebus.ro\/renault\/index.php?rest_route=\/wp\/v2\/users\/1"}],"replies":[{"embeddable":true,"href":"https:\/\/autoerebus.ro\/renault\/index.php?rest_route=%2Fwp%2Fv2%2Fcomments&post=968"}],"version-history":[{"count":43,"href":"https:\/\/autoerebus.ro\/renault\/index.php?rest_route=\/wp\/v2\/pages\/968\/revisions"}],"predecessor-version":[{"id":1301,"href":"https:\/\/autoerebus.ro\/renault\/index.php?rest_route=\/wp\/v2\/pages\/968\/revisions\/1301"}],"wp:attachment":[{"href":"https:\/\/autoerebus.ro\/renault\/index.php?rest_route=%2Fwp%2Fv2%2Fmedia&parent=968"}],"curies":[{"name":"wp","href":"https:\/\/api.w.org\/{rel}","templated":true}]}}