{"id":637,"date":"2025-08-18T11:56:00","date_gmt":"2025-08-18T11:56:00","guid":{"rendered":"https:\/\/3ads.ro\/clients\/renault\/?page_id=637"},"modified":"2026-02-02T12:02:51","modified_gmt":"2026-02-02T12:02:51","slug":"renault-5","status":"publish","type":"page","link":"https:\/\/autoerebus.ro\/renault\/?page_id=637","title":{"rendered":"Renault 5 &#8211; Autoerebus &#8211; Dealer Renault"},"content":{"rendered":"\t\t<div data-elementor-type=\"wp-page\" data-elementor-id=\"637\" class=\"elementor elementor-637\" data-elementor-post-type=\"page\">\n\t\t\t\t<div class=\"elementor-element elementor-element-d9dded0 e-flex e-con-boxed e-con e-parent\" data-id=\"d9dded0\" data-element_type=\"container\" data-settings=\"{&quot;background_background&quot;:&quot;slideshow&quot;,&quot;background_slideshow_gallery&quot;:[{&quot;id&quot;:640,&quot;url&quot;:&quot;https:\\\/\\\/autoerebus.ro\\\/renault\\\/wp-content\\\/uploads\\\/2025\\\/08\\\/5fdee21b2f.webp&quot;}],&quot;background_slideshow_loop&quot;:&quot;yes&quot;,&quot;background_slideshow_slide_duration&quot;:5000,&quot;background_slideshow_slide_transition&quot;:&quot;fade&quot;,&quot;background_slideshow_transition_duration&quot;:500}\">\n\t\t\t\t\t<div class=\"e-con-inner\">\n\t\t<div class=\"elementor-element elementor-element-4f35c88 e-con-full e-flex e-con e-child\" data-id=\"4f35c88\" data-element_type=\"container\">\n\t\t\t\t<div class=\"elementor-element elementor-element-944fe27 elementor-widget elementor-widget-heading\" data-id=\"944fe27\" data-element_type=\"widget\" data-widget_type=\"heading.default\">\n\t\t\t\t\t<h2 class=\"elementor-heading-title elementor-size-default\">renault 5 e-tech electric<\/h2>\t\t\t\t<\/div>\n\t\t\t\t<div class=\"elementor-element elementor-element-8187888 elementor-widget elementor-widget-heading\" data-id=\"8187888\" data-element_type=\"widget\" data-widget_type=\"heading.default\">\n\t\t\t\t\t<h2 class=\"elementor-heading-title elementor-size-default\">r5volu\u021bie<\/h2>\t\t\t\t<\/div>\n\t\t\t\t<div class=\"elementor-element elementor-element-e526838 elementor-widget elementor-widget-heading\" data-id=\"e526838\" data-element_type=\"widget\" data-widget_type=\"heading.default\">\n\t\t\t\t\t<h2 class=\"elementor-heading-title elementor-size-default\">de la 25.050 EUR<\/h2>\t\t\t\t<\/div>\n\t\t<div class=\"elementor-element elementor-element-8c8aebc e-con-full e-flex e-con e-child\" data-id=\"8c8aebc\" data-element_type=\"container\">\n\t\t<div class=\"elementor-element elementor-element-c0427f4 e-con-full elementor-hidden-tablet elementor-hidden-mobile e-flex e-con e-child\" data-id=\"c0427f4\" data-element_type=\"container\">\n\t\t\t\t<div class=\"elementor-element elementor-element-75e8e0d elementor-align-right elementor-mobile-align-center elementor-widget elementor-widget-button\" data-id=\"75e8e0d\" data-element_type=\"widget\" data-widget_type=\"button.default\">\n\t\t\t\t\t\t\t\t\t\t<a class=\"elementor-button elementor-button-link elementor-size-sm\" href=\"https:\/\/autoerebus.ro\/renault\/?page_id=884\">\n\t\t\t\t\t\t<span class=\"elementor-button-content-wrapper\">\n\t\t\t\t\t\t\t\t\t<span class=\"elementor-button-text\">cere o ofert\u0103<\/span>\n\t\t\t\t\t<\/span>\n\t\t\t\t\t<\/a>\n\t\t\t\t\t\t\t\t<\/div>\n\t\t\t\t<\/div>\n\t\t<div class=\"elementor-element elementor-element-4ea843e e-con-full elementor-hidden-tablet elementor-hidden-mobile e-flex e-con e-child\" data-id=\"4ea843e\" data-element_type=\"container\">\n\t\t\t\t<div class=\"elementor-element elementor-element-db9e612 elementor-align-left elementor-mobile-align-center elementor-widget elementor-widget-button\" data-id=\"db9e612\" data-element_type=\"widget\" data-widget_type=\"button.default\">\n\t\t\t\t\t\t\t\t\t\t<a class=\"elementor-button elementor-button-link elementor-size-sm\" href=\"#\">\n\t\t\t\t\t\t<span class=\"elementor-button-content-wrapper\">\n\t\t\t\t\t\t\t\t\t<span class=\"elementor-button-text\">test drive<\/span>\n\t\t\t\t\t<\/span>\n\t\t\t\t\t<\/a>\n\t\t\t\t\t\t\t\t<\/div>\n\t\t\t\t<\/div>\n\t\t\t\t<\/div>\n\t\t\t\t<div class=\"elementor-element elementor-element-3598949 elementor-widget elementor-widget-heading\" data-id=\"3598949\" data-element_type=\"widget\" data-widget_type=\"heading.default\">\n\t\t\t\t\t<h2 class=\"elementor-heading-title elementor-size-default\">Renault 5 este acum disponibil pentru comenzi cu o baterie  autonomie confort de 52 kWh (p\u00e2n\u0103 la 410 km WLTP).<\/h2>\t\t\t\t<\/div>\n\t\t\t\t<\/div>\n\t\t\t\t\t<\/div>\n\t\t\t\t<\/div>\n\t\t<div class=\"elementor-element elementor-element-6240ae9 e-flex e-con-boxed e-con e-parent\" data-id=\"6240ae9\" data-element_type=\"container\" data-settings=\"{&quot;background_background&quot;:&quot;slideshow&quot;,&quot;background_slideshow_gallery&quot;:[{&quot;id&quot;:726,&quot;url&quot;:&quot;https:\\\/\\\/autoerebus.ro\\\/renault\\\/wp-content\\\/uploads\\\/2025\\\/08\\\/6839a137ab.webp&quot;}],&quot;background_slideshow_loop&quot;:&quot;yes&quot;,&quot;background_slideshow_slide_duration&quot;:5000,&quot;background_slideshow_slide_transition&quot;:&quot;fade&quot;,&quot;background_slideshow_transition_duration&quot;:500}\">\n\t\t\t\t\t<div class=\"e-con-inner\">\n\t\t<div class=\"elementor-element elementor-element-d9fd826 e-con-full e-flex e-con e-child\" data-id=\"d9fd826\" data-element_type=\"container\">\n\t\t\t\t<div class=\"elementor-element elementor-element-f82ff1a elementor-widget elementor-widget-heading\" data-id=\"f82ff1a\" data-element_type=\"widget\" data-widget_type=\"heading.default\">\n\t\t\t\t\t<h5 class=\"elementor-heading-title elementor-size-default\">R5<\/h5>\t\t\t\t<\/div>\n\t\t\t\t<div class=\"elementor-element elementor-element-db380a1 elementor-widget elementor-widget-heading\" data-id=\"db380a1\" data-element_type=\"widget\" data-widget_type=\"heading.default\">\n\t\t\t\t\t<h5 class=\"elementor-heading-title elementor-size-default\">ENERGIZAT<\/h5>\t\t\t\t<\/div>\n\t\t\t\t<\/div>\n\t\t<div class=\"elementor-element elementor-element-4bc59f5 e-con-full e-flex e-con e-child\" data-id=\"4bc59f5\" data-element_type=\"container\">\n\t\t\t\t<div class=\"elementor-element elementor-element-f183bd5 elementor-widget elementor-widget-heading\" data-id=\"f183bd5\" data-element_type=\"widget\" data-widget_type=\"heading.default\">\n\t\t\t\t\t<h5 class=\"elementor-heading-title elementor-size-default\">Faimoasa ma\u0219in\u0103 de ora\u0219 se \u00eentoarce, acum 100% electric\u0103. Motorizare E-Tech inovatoare, baterie nou\u0103, \u00eenc\u0103rcare rapid\u0103. Renault 5 este puternic \u0219i plin de energie.\n <\/h5>\t\t\t\t<\/div>\n\t\t\t\t<\/div>\n\t\t<div class=\"elementor-element elementor-element-7134cb7 e-con-full e-flex e-con e-child\" data-id=\"7134cb7\" data-element_type=\"container\">\n\t\t<div class=\"elementor-element elementor-element-4bf3e8c e-con-full e-flex e-con e-child\" data-id=\"4bf3e8c\" data-element_type=\"container\">\n\t\t<div class=\"elementor-element elementor-element-c6dc504 e-con-full e-flex e-con e-child\" data-id=\"c6dc504\" data-element_type=\"container\">\n\t\t\t\t<div class=\"elementor-element elementor-element-88f5b30 elementor-widget elementor-widget-heading\" data-id=\"88f5b30\" data-element_type=\"widget\" data-widget_type=\"heading.default\">\n\t\t\t\t\t<h5 class=\"elementor-heading-title elementor-size-default\">autonomie de p\u00e2n\u0103 la <\/h5>\t\t\t\t<\/div>\n\t\t\t\t<div class=\"elementor-element elementor-element-3195b9b elementor-widget elementor-widget-heading\" data-id=\"3195b9b\" data-element_type=\"widget\" data-widget_type=\"heading.default\">\n\t\t\t\t\t<h5 class=\"elementor-heading-title elementor-size-default\">410 km<\/h5>\t\t\t\t<\/div>\n\t\t\t\t<div class=\"elementor-element elementor-element-4d8094a elementor-widget elementor-widget-heading\" data-id=\"4d8094a\" data-element_type=\"widget\" data-widget_type=\"heading.default\">\n\t\t\t\t\t<h5 class=\"elementor-heading-title elementor-size-default\">\u00eencarc\u0103 bateria de la 15% la 80% \u00een<\/h5>\t\t\t\t<\/div>\n\t\t\t\t<div class=\"elementor-element elementor-element-323c34f elementor-widget elementor-widget-heading\" data-id=\"323c34f\" data-element_type=\"widget\" data-widget_type=\"heading.default\">\n\t\t\t\t\t<h5 class=\"elementor-heading-title elementor-size-default\">30 minute<\/h5>\t\t\t\t<\/div>\n\t\t\t\t<\/div>\n\t\t<div class=\"elementor-element elementor-element-61c14a2 e-con-full e-flex e-con e-child\" data-id=\"61c14a2\" data-element_type=\"container\">\n\t\t\t\t<\/div>\n\t\t\t\t<\/div>\n\t\t\t\t<\/div>\n\t\t\t\t\t<\/div>\n\t\t\t\t<\/div>\n\t\t<div class=\"elementor-element elementor-element-32f3614 e-flex e-con-boxed e-con e-parent\" data-id=\"32f3614\" data-element_type=\"container\" data-settings=\"{&quot;background_background&quot;:&quot;slideshow&quot;,&quot;background_slideshow_gallery&quot;:[{&quot;id&quot;:712,&quot;url&quot;:&quot;https:\\\/\\\/autoerebus.ro\\\/renault\\\/wp-content\\\/uploads\\\/2025\\\/08\\\/912c1107c6.png&quot;}],&quot;background_slideshow_loop&quot;:&quot;yes&quot;,&quot;background_slideshow_slide_duration&quot;:5000,&quot;background_slideshow_slide_transition&quot;:&quot;fade&quot;,&quot;background_slideshow_transition_duration&quot;:500}\">\n\t\t\t\t\t<div class=\"e-con-inner\">\n\t\t<div class=\"elementor-element elementor-element-fd4b583 e-con-full e-flex e-con e-child\" data-id=\"fd4b583\" data-element_type=\"container\">\n\t\t\t\t<div class=\"elementor-element elementor-element-501e1c3 elementor-widget elementor-widget-heading\" data-id=\"501e1c3\" data-element_type=\"widget\" data-widget_type=\"heading.default\">\n\t\t\t\t\t<h5 class=\"elementor-heading-title elementor-size-default\">R5<\/h5>\t\t\t\t<\/div>\n\t\t\t\t<div class=\"elementor-element elementor-element-7b29721 elementor-widget elementor-widget-heading\" data-id=\"7b29721\" data-element_type=\"widget\" data-widget_type=\"heading.default\">\n\t\t\t\t\t<h5 class=\"elementor-heading-title elementor-size-default\">CALIBRAT<\/h5>\t\t\t\t<\/div>\n\t\t\t\t<\/div>\n\t\t<div class=\"elementor-element elementor-element-ff06b36 e-con-full e-flex e-con e-child\" data-id=\"ff06b36\" data-element_type=\"container\">\n\t\t\t\t<div class=\"elementor-element elementor-element-7de6425 elementor-widget elementor-widget-heading\" data-id=\"7de6425\" data-element_type=\"widget\" data-widget_type=\"heading.default\">\n\t\t\t\t\t<h5 class=\"elementor-heading-title elementor-size-default\">Accelera\u021bii prompte \u0219i rapide, centru de greutate cobor\u00e2t \u0219i punte spate multi-link, pentru un comportament rutier mai sportiv. Reg\u0103se\u0219te-\u021bi entuziasmul cu Renault 5. <\/h5>\t\t\t\t<\/div>\n\t\t\t\t<\/div>\n\t\t<div class=\"elementor-element elementor-element-d04497b e-con-full e-flex e-con e-child\" data-id=\"d04497b\" data-element_type=\"container\">\n\t\t<div class=\"elementor-element elementor-element-68ba037 e-con-full e-flex e-con e-child\" data-id=\"68ba037\" data-element_type=\"container\">\n\t\t<div class=\"elementor-element elementor-element-46e2067 e-con-full e-flex e-con e-child\" data-id=\"46e2067\" data-element_type=\"container\">\n\t\t\t\t<div class=\"elementor-element elementor-element-243d8e0 elementor-widget elementor-widget-heading\" data-id=\"243d8e0\" data-element_type=\"widget\" data-widget_type=\"heading.default\">\n\t\t\t\t\t<h5 class=\"elementor-heading-title elementor-size-default\">motorizare E-Tech 100% electric\u0103<\/h5>\t\t\t\t<\/div>\n\t\t\t\t<div class=\"elementor-element elementor-element-65a1f72 elementor-widget elementor-widget-heading\" data-id=\"65a1f72\" data-element_type=\"widget\" data-widget_type=\"heading.default\">\n\t\t\t\t\t<h5 class=\"elementor-heading-title elementor-size-default\">150 CP\n<\/h5>\t\t\t\t<\/div>\n\t\t\t\t<div class=\"elementor-element elementor-element-ef27117 elementor-widget elementor-widget-heading\" data-id=\"ef27117\" data-element_type=\"widget\" data-widget_type=\"heading.default\">\n\t\t\t\t\t<h5 class=\"elementor-heading-title elementor-size-default\">cuplu motor<\/h5>\t\t\t\t<\/div>\n\t\t\t\t<div class=\"elementor-element elementor-element-778dc35 elementor-widget elementor-widget-heading\" data-id=\"778dc35\" data-element_type=\"widget\" data-widget_type=\"heading.default\">\n\t\t\t\t\t<h5 class=\"elementor-heading-title elementor-size-default\">245 Nm<\/h5>\t\t\t\t<\/div>\n\t\t\t\t<\/div>\n\t\t<div class=\"elementor-element elementor-element-baade31 e-con-full e-flex e-con e-child\" data-id=\"baade31\" data-element_type=\"container\">\n\t\t\t\t<\/div>\n\t\t\t\t<\/div>\n\t\t\t\t<\/div>\n\t\t\t\t\t<\/div>\n\t\t\t\t<\/div>\n\t\t<div class=\"elementor-element elementor-element-8d36a98 e-flex e-con-boxed e-con e-parent\" data-id=\"8d36a98\" data-element_type=\"container\" data-settings=\"{&quot;background_background&quot;:&quot;slideshow&quot;,&quot;background_slideshow_gallery&quot;:[{&quot;id&quot;:719,&quot;url&quot;:&quot;https:\\\/\\\/autoerebus.ro\\\/renault\\\/wp-content\\\/uploads\\\/2025\\\/08\\\/5925d44361.webp&quot;}],&quot;background_slideshow_loop&quot;:&quot;yes&quot;,&quot;background_slideshow_slide_duration&quot;:5000,&quot;background_slideshow_slide_transition&quot;:&quot;fade&quot;,&quot;background_slideshow_transition_duration&quot;:500}\">\n\t\t\t\t\t<div class=\"e-con-inner\">\n\t\t<div class=\"elementor-element elementor-element-cb0ac11 e-con-full e-flex e-con e-child\" data-id=\"cb0ac11\" data-element_type=\"container\">\n\t\t\t\t<div class=\"elementor-element elementor-element-b16248a elementor-widget elementor-widget-heading\" data-id=\"b16248a\" data-element_type=\"widget\" data-widget_type=\"heading.default\">\n\t\t\t\t\t<h5 class=\"elementor-heading-title elementor-size-default\">P<\/h5>\t\t\t\t<\/div>\n\t\t\t\t<div class=\"elementor-element elementor-element-7e2beb6 elementor-widget elementor-widget-heading\" data-id=\"7e2beb6\" data-element_type=\"widget\" data-widget_type=\"heading.default\">\n\t\t\t\t\t<h5 class=\"elementor-heading-title elementor-size-default\">R5<\/h5>\t\t\t\t<\/div>\n\t\t\t\t<div class=\"elementor-element elementor-element-2a08f32 elementor-widget elementor-widget-heading\" data-id=\"2a08f32\" data-element_type=\"widget\" data-widget_type=\"heading.default\">\n\t\t\t\t\t<h5 class=\"elementor-heading-title elementor-size-default\">CTIC\n<\/h5>\t\t\t\t<\/div>\n\t\t\t\t<\/div>\n\t\t<div class=\"elementor-element elementor-element-023d073 e-con-full e-flex e-con e-child\" data-id=\"023d073\" data-element_type=\"container\">\n\t\t\t\t<div class=\"elementor-element elementor-element-723d294 elementor-widget elementor-widget-heading\" data-id=\"723d294\" data-element_type=\"widget\" data-widget_type=\"heading.default\">\n\t\t\t\t\t<h5 class=\"elementor-heading-title elementor-size-default\">Compact la exterior, Renault 5 poate primi \u00een habitaclu p\u00e2n\u0103 la 5 pasageri. Cu ajutorul func\u021biilor de asisten\u021b\u0103 la parcare, este u\u0219or de manevrat \u0219i de parcat. Ma\u0219ina de ora\u0219 pentru deplas\u0103rile zilnice.\n<\/h5>\t\t\t\t<\/div>\n\t\t\t\t<\/div>\n\t\t<div class=\"elementor-element elementor-element-55cd5a9 e-con-full e-flex e-con e-child\" data-id=\"55cd5a9\" data-element_type=\"container\">\n\t\t<div class=\"elementor-element elementor-element-ff6637f e-con-full e-flex e-con e-child\" data-id=\"ff6637f\" data-element_type=\"container\">\n\t\t<div class=\"elementor-element elementor-element-049e7a5 e-con-full e-flex e-con e-child\" data-id=\"049e7a5\" data-element_type=\"container\">\n\t\t\t\t<div class=\"elementor-element elementor-element-2d7c4fb elementor-widget elementor-widget-heading\" data-id=\"2d7c4fb\" data-element_type=\"widget\" data-widget_type=\"heading.default\">\n\t\t\t\t\t<h5 class=\"elementor-heading-title elementor-size-default\">lungime<\/h5>\t\t\t\t<\/div>\n\t\t\t\t<\/div>\n\t\t\t\t<div class=\"elementor-element elementor-element-9945808 elementor-widget elementor-widget-heading\" data-id=\"9945808\" data-element_type=\"widget\" data-widget_type=\"heading.default\">\n\t\t\t\t\t<h5 class=\"elementor-heading-title elementor-size-default\">3,92 m<\/h5>\t\t\t\t<\/div>\n\t\t\t\t<div class=\"elementor-element elementor-element-9651899 elementor-widget elementor-widget-heading\" data-id=\"9651899\" data-element_type=\"widget\" data-widget_type=\"heading.default\">\n\t\t\t\t\t<h5 class=\"elementor-heading-title elementor-size-default\">volum portbagaj<\/h5>\t\t\t\t<\/div>\n\t\t\t\t<div class=\"elementor-element elementor-element-1527e7a elementor-widget elementor-widget-heading\" data-id=\"1527e7a\" data-element_type=\"widget\" data-widget_type=\"heading.default\">\n\t\t\t\t\t<h5 class=\"elementor-heading-title elementor-size-default\">326 l<\/h5>\t\t\t\t<\/div>\n\t\t<div class=\"elementor-element elementor-element-0588e4d e-con-full e-flex e-con e-child\" data-id=\"0588e4d\" data-element_type=\"container\">\n\t\t\t\t<\/div>\n\t\t\t\t<\/div>\n\t\t\t\t<\/div>\n\t\t\t\t\t<\/div>\n\t\t\t\t<\/div>\n\t\t<div class=\"elementor-element elementor-element-f70a887 elementor-hidden-desktop e-flex e-con-boxed e-con e-parent\" data-id=\"f70a887\" data-element_type=\"container\" data-settings=\"{&quot;position&quot;:&quot;fixed&quot;,&quot;motion_fx_motion_fx_scrolling&quot;:&quot;yes&quot;,&quot;sticky&quot;:&quot;bottom&quot;,&quot;sticky_on&quot;:[&quot;tablet&quot;,&quot;mobile&quot;],&quot;motion_fx_devices&quot;:[&quot;desktop&quot;,&quot;tablet&quot;,&quot;mobile&quot;],&quot;sticky_offset&quot;:0,&quot;sticky_effects_offset&quot;:0,&quot;sticky_anchor_link_offset&quot;:0}\">\n\t\t\t\t\t<div class=\"e-con-inner\">\n\t\t<div class=\"elementor-element elementor-element-a748420 e-con-full e-flex e-con e-child\" data-id=\"a748420\" data-element_type=\"container\">\n\t\t\t\t<div class=\"elementor-element elementor-element-cb552bc elementor-align-left elementor-mobile-align-justify elementor-hidden-desktop elementor-widget elementor-widget-button\" data-id=\"cb552bc\" data-element_type=\"widget\" data-widget_type=\"button.default\">\n\t\t\t\t\t\t\t\t\t\t<a class=\"elementor-button elementor-button-link elementor-size-sm\" href=\"https:\/\/autoerebus.ro\/renault\/?page_id=884\">\n\t\t\t\t\t\t<span class=\"elementor-button-content-wrapper\">\n\t\t\t\t\t\t\t\t\t<span class=\"elementor-button-text\">cere o ofert\u0103<\/span>\n\t\t\t\t\t<\/span>\n\t\t\t\t\t<\/a>\n\t\t\t\t\t\t\t\t<\/div>\n\t\t\t\t<\/div>\n\t\t<div class=\"elementor-element elementor-element-b16608a e-con-full e-flex e-con e-child\" data-id=\"b16608a\" data-element_type=\"container\">\n\t\t\t\t<div class=\"elementor-element elementor-element-0cf15bc elementor-align-left elementor-mobile-align-justify elementor-hidden-desktop elementor-widget elementor-widget-button\" data-id=\"0cf15bc\" data-element_type=\"widget\" data-widget_type=\"button.default\">\n\t\t\t\t\t\t\t\t\t\t<a class=\"elementor-button elementor-button-link elementor-size-sm\" href=\"#\">\n\t\t\t\t\t\t<span class=\"elementor-button-content-wrapper\">\n\t\t\t\t\t\t\t\t\t<span class=\"elementor-button-text\">test drive<\/span>\n\t\t\t\t\t<\/span>\n\t\t\t\t\t<\/a>\n\t\t\t\t\t\t\t\t<\/div>\n\t\t\t\t<\/div>\n\t\t\t\t\t<\/div>\n\t\t\t\t<\/div>\n\t\t<div class=\"elementor-element elementor-element-aae5dca e-flex e-con-boxed e-con e-parent\" data-id=\"aae5dca\" data-element_type=\"container\" data-settings=\"{&quot;background_background&quot;:&quot;slideshow&quot;,&quot;background_slideshow_gallery&quot;:[{&quot;id&quot;:655,&quot;url&quot;:&quot;https:\\\/\\\/autoerebus.ro\\\/renault\\\/wp-content\\\/uploads\\\/2025\\\/08\\\/18c174da96.webp&quot;}],&quot;background_slideshow_loop&quot;:&quot;yes&quot;,&quot;background_slideshow_slide_duration&quot;:5000,&quot;background_slideshow_slide_transition&quot;:&quot;fade&quot;,&quot;background_slideshow_transition_duration&quot;:500}\">\n\t\t\t\t\t<div class=\"e-con-inner\">\n\t\t<div class=\"elementor-element elementor-element-f2bf576 e-con-full e-flex e-con e-child\" data-id=\"f2bf576\" data-element_type=\"container\">\n\t\t\t\t<div class=\"elementor-element elementor-element-192be08 elementor-widget elementor-widget-heading\" data-id=\"192be08\" data-element_type=\"widget\" data-widget_type=\"heading.default\">\n\t\t\t\t\t<h5 class=\"elementor-heading-title elementor-size-default\">C<\/h5>\t\t\t\t<\/div>\n\t\t\t\t<div class=\"elementor-element elementor-element-f258d46 elementor-widget elementor-widget-heading\" data-id=\"f258d46\" data-element_type=\"widget\" data-widget_type=\"heading.default\">\n\t\t\t\t\t<h5 class=\"elementor-heading-title elementor-size-default\">R5<\/h5>\t\t\t\t<\/div>\n\t\t\t\t<div class=\"elementor-element elementor-element-276aefe elementor-widget elementor-widget-heading\" data-id=\"276aefe\" data-element_type=\"widget\" data-widget_type=\"heading.default\">\n\t\t\t\t\t<h5 class=\"elementor-heading-title elementor-size-default\">ATIV<\/h5>\t\t\t\t<\/div>\n\t\t\t\t<\/div>\n\t\t<div class=\"elementor-element elementor-element-031239b e-con-full e-flex e-con e-child\" data-id=\"031239b\" data-element_type=\"container\">\n\t\t\t\t<div class=\"elementor-element elementor-element-4911132 elementor-widget elementor-widget-heading\" data-id=\"4911132\" data-element_type=\"widget\" data-widget_type=\"heading.default\">\n\t\t\t\t\t<h5 class=\"elementor-heading-title elementor-size-default\">Renault 5 dispune de o gam\u0103 larg\u0103 de op\u021biuni de personalizare. 5 culori, vopsea \u00een 2 nuan\u021be, capitonaj plafon, plafon \u0219i accesorii fa\u021b\u0103 colorate, 2 variante de jante, finisaje personalizate plafon \u0219i portiere. Personalizeaz\u0103 modelul Renault 5.<\/h5>\t\t\t\t<\/div>\n\t\t\t\t<\/div>\n\t\t<div class=\"elementor-element elementor-element-a67ea77 e-con-full e-flex e-con e-child\" data-id=\"a67ea77\" data-element_type=\"container\">\n\t\t<div class=\"elementor-element elementor-element-cf95c68 e-con-full e-flex e-con e-child\" data-id=\"cf95c68\" data-element_type=\"container\">\n\t\t<div class=\"elementor-element elementor-element-56e0bb9 e-con-full e-flex e-con e-child\" data-id=\"56e0bb9\" data-element_type=\"container\">\n\t\t\t\t<div class=\"elementor-element elementor-element-dba0fa5 elementor-widget elementor-widget-heading\" data-id=\"dba0fa5\" data-element_type=\"widget\" data-widget_type=\"heading.default\">\n\t\t\t\t\t<h5 class=\"elementor-heading-title elementor-size-default\">combina\u021bii posibile<\/h5>\t\t\t\t<\/div>\n\t\t\t\t<div class=\"elementor-element elementor-element-1c56807 elementor-widget elementor-widget-heading\" data-id=\"1c56807\" data-element_type=\"widget\" data-widget_type=\"heading.default\">\n\t\t\t\t\t<h5 class=\"elementor-heading-title elementor-size-default\">200<\/h5>\t\t\t\t<\/div>\n\t\t\t\t<\/div>\n\t\t<div class=\"elementor-element elementor-element-2a1f6cf e-con-full e-flex e-con e-child\" data-id=\"2a1f6cf\" data-element_type=\"container\">\n\t\t\t\t<\/div>\n\t\t\t\t<\/div>\n\t\t\t\t<\/div>\n\t\t\t\t\t<\/div>\n\t\t\t\t<\/div>\n\t\t\t\t<\/div>\n\t\t","protected":false},"excerpt":{"rendered":"<p>renault 5 e-tech electric r5volu\u021bie de la 25.050 EUR cere o ofert\u0103 test drive Renault 5 este acum disponibil pentru comenzi cu o baterie autonomie confort de 52 kWh (p\u00e2n\u0103 la 410 km WLTP). R5 ENERGIZAT Faimoasa ma\u0219in\u0103 de ora\u0219 se \u00eentoarce, acum 100% electric\u0103. Motorizare E-Tech inovatoare, baterie nou\u0103, \u00eenc\u0103rcare rapid\u0103. Renault 5 este [&hellip;]<\/p>\n","protected":false},"author":1,"featured_media":0,"parent":0,"menu_order":0,"comment_status":"closed","ping_status":"closed","template":"elementor_header_footer","meta":{"inline_featured_image":false,"footnotes":""},"class_list":["post-637","page","type-page","status-publish","hentry"],"_links":{"self":[{"href":"https:\/\/autoerebus.ro\/renault\/index.php?rest_route=\/wp\/v2\/pages\/637","targetHints":{"allow":["GET"]}}],"collection":[{"href":"https:\/\/autoerebus.ro\/renault\/index.php?rest_route=\/wp\/v2\/pages"}],"about":[{"href":"https:\/\/autoerebus.ro\/renault\/index.php?rest_route=\/wp\/v2\/types\/page"}],"author":[{"embeddable":true,"href":"https:\/\/autoerebus.ro\/renault\/index.php?rest_route=\/wp\/v2\/users\/1"}],"replies":[{"embeddable":true,"href":"https:\/\/autoerebus.ro\/renault\/index.php?rest_route=%2Fwp%2Fv2%2Fcomments&post=637"}],"version-history":[{"count":138,"href":"https:\/\/autoerebus.ro\/renault\/index.php?rest_route=\/wp\/v2\/pages\/637\/revisions"}],"predecessor-version":[{"id":1482,"href":"https:\/\/autoerebus.ro\/renault\/index.php?rest_route=\/wp\/v2\/pages\/637\/revisions\/1482"}],"wp:attachment":[{"href":"https:\/\/autoerebus.ro\/renault\/index.php?rest_route=%2Fwp%2Fv2%2Fmedia&parent=637"}],"curies":[{"name":"wp","href":"https:\/\/api.w.org\/{rel}","templated":true}]}}