{"id":1435,"date":"2026-01-12T13:13:30","date_gmt":"2026-01-12T13:13:30","guid":{"rendered":"https:\/\/autoerebus.ro\/renault\/?page_id=1435"},"modified":"2026-01-12T13:29:41","modified_gmt":"2026-01-12T13:29:41","slug":"renault-clio-new-autoerebus-dealer-renault","status":"publish","type":"page","link":"https:\/\/autoerebus.ro\/renault\/?page_id=1435","title":{"rendered":"Renault Clio New &#8211; Autoerebus &#8211; Dealer Renault"},"content":{"rendered":"\t\t<div data-elementor-type=\"wp-page\" data-elementor-id=\"1435\" class=\"elementor elementor-1435\" data-elementor-post-type=\"page\">\n\t\t\t\t<div class=\"elementor-element elementor-element-d9dded0 e-flex e-con-boxed e-con e-parent\" data-id=\"d9dded0\" data-element_type=\"container\" data-settings=\"{&quot;background_background&quot;:&quot;video&quot;,&quot;background_video_link&quot;:&quot;https:\\\/\\\/cdn.group.renault.com\\\/ren\\\/master\\\/renault-new-cars\\\/product-plans\\\/rb3b1\\\/reveal\\\/overview\\\/renault-rb3b1-overview-001-desktop.mp4.asset.mp4\\\/40dd5373e1.mp4&quot;,&quot;background_play_on_mobile&quot;:&quot;yes&quot;}\">\n\t\t\t\t\t<div class=\"e-con-inner\">\n\t\t<div class=\"elementor-background-video-container\" aria-hidden=\"true\">\n\t\t\t\t\t\t\t<video class=\"elementor-background-video-hosted\" autoplay muted playsinline loop><\/video>\n\t\t\t\t\t<\/div><div class=\"elementor-element elementor-element-4f35c88 e-con-full e-flex e-con e-child\" data-id=\"4f35c88\" data-element_type=\"container\">\n\t\t\t\t<div class=\"elementor-element elementor-element-944fe27 elementor-widget elementor-widget-heading\" data-id=\"944fe27\" data-element_type=\"widget\" data-widget_type=\"heading.default\">\n\t\t\t\t\t<h2 class=\"elementor-heading-title elementor-size-default\">NOUL RENAULT CLIO FULL HYBRID E\u2011TECH<\/h2>\t\t\t\t<\/div>\n\t\t\t\t<div class=\"elementor-element elementor-element-8187888 elementor-widget elementor-widget-heading\" data-id=\"8187888\" data-element_type=\"widget\" data-widget_type=\"heading.default\">\n\t\t\t\t\t<h2 class=\"elementor-heading-title elementor-size-default\">LOVE REDESIGNED\n<\/h2>\t\t\t\t<\/div>\n\t\t\t\t<div class=\"elementor-element elementor-element-e526838 elementor-hidden-tablet elementor-hidden-mobile elementor-widget elementor-widget-heading\" data-id=\"e526838\" data-element_type=\"widget\" data-widget_type=\"heading.default\">\n\t\t\t\t\t<h2 class=\"elementor-heading-title elementor-size-default\">de la 17.800 EUR\n<\/h2>\t\t\t\t<\/div>\n\t\t\t\t<div class=\"elementor-element elementor-element-7c2200a elementor-hidden-desktop elementor-widget elementor-widget-heading\" data-id=\"7c2200a\" data-element_type=\"widget\" data-widget_type=\"heading.default\">\n\t\t\t\t\t<h2 class=\"elementor-heading-title elementor-size-default\">de la <span style=\"background:#efdf00;color:#000000;padding:5px 10px\">17.800 EUR<\/span>\n<\/h2>\t\t\t\t<\/div>\n\t\t<div class=\"elementor-element elementor-element-8c8aebc e-con-full e-flex e-con e-child\" data-id=\"8c8aebc\" data-element_type=\"container\">\n\t\t<div class=\"elementor-element elementor-element-c0427f4 e-con-full elementor-hidden-tablet elementor-hidden-mobile e-flex e-con e-child\" data-id=\"c0427f4\" data-element_type=\"container\">\n\t\t\t\t<div class=\"elementor-element elementor-element-75e8e0d elementor-align-right elementor-mobile-align-center elementor-widget elementor-widget-button\" data-id=\"75e8e0d\" data-element_type=\"widget\" data-widget_type=\"button.default\">\n\t\t\t\t\t\t\t\t\t\t<a class=\"elementor-button elementor-button-link elementor-size-sm\" href=\"https:\/\/autoerebus.ro\/renault\/?page_id=884\">\n\t\t\t\t\t\t<span class=\"elementor-button-content-wrapper\">\n\t\t\t\t\t\t\t\t\t<span class=\"elementor-button-text\">cere o ofert\u0103<\/span>\n\t\t\t\t\t<\/span>\n\t\t\t\t\t<\/a>\n\t\t\t\t\t\t\t\t<\/div>\n\t\t\t\t<\/div>\n\t\t<div class=\"elementor-element elementor-element-4ea843e e-con-full elementor-hidden-tablet elementor-hidden-mobile e-flex e-con e-child\" data-id=\"4ea843e\" data-element_type=\"container\">\n\t\t\t\t<div class=\"elementor-element elementor-element-db9e612 elementor-align-left elementor-mobile-align-center elementor-widget elementor-widget-button\" data-id=\"db9e612\" data-element_type=\"widget\" data-widget_type=\"button.default\">\n\t\t\t\t\t\t\t\t\t\t<a class=\"elementor-button elementor-button-link elementor-size-sm\" href=\"#\">\n\t\t\t\t\t\t<span class=\"elementor-button-content-wrapper\">\n\t\t\t\t\t\t\t\t\t<span class=\"elementor-button-text\">test drive<\/span>\n\t\t\t\t\t<\/span>\n\t\t\t\t\t<\/a>\n\t\t\t\t\t\t\t\t<\/div>\n\t\t\t\t<\/div>\n\t\t\t\t<\/div>\n\t\t\t\t<\/div>\n\t\t\t\t\t<\/div>\n\t\t\t\t<\/div>\n\t\t<div class=\"elementor-element elementor-element-6240ae9 e-flex e-con-boxed e-con e-parent\" data-id=\"6240ae9\" data-element_type=\"container\" data-settings=\"{&quot;background_background&quot;:&quot;slideshow&quot;,&quot;background_slideshow_gallery&quot;:[{&quot;id&quot;:1440,&quot;url&quot;:&quot;https:\\\/\\\/autoerebus.ro\\\/renault\\\/wp-content\\\/uploads\\\/2026\\\/01\\\/2432c18f5c.webp&quot;}],&quot;background_slideshow_loop&quot;:&quot;yes&quot;,&quot;background_slideshow_slide_duration&quot;:5000,&quot;background_slideshow_slide_transition&quot;:&quot;fade&quot;,&quot;background_slideshow_transition_duration&quot;:500}\">\n\t\t\t\t\t<div class=\"e-con-inner\">\n\t\t<div class=\"elementor-element elementor-element-d9fd826 e-con-full e-flex e-con e-child\" data-id=\"d9fd826\" data-element_type=\"container\">\n\t\t\t\t<div class=\"elementor-element elementor-element-db380a1 elementor-widget elementor-widget-heading\" data-id=\"db380a1\" data-element_type=\"widget\" data-widget_type=\"heading.default\">\n\t\t\t\t\t<h5 class=\"elementor-heading-title elementor-size-default\">renault clio<\/h5>\t\t\t\t<\/div>\n\t\t\t\t<div class=\"elementor-element elementor-element-edf68c4 elementor-widget elementor-widget-heading\" data-id=\"edf68c4\" data-element_type=\"widget\" data-widget_type=\"heading.default\">\n\t\t\t\t\t<h5 class=\"elementor-heading-title elementor-size-default\">Full Hybrid E-TECH<\/h5>\t\t\t\t<\/div>\n\t\t\t\t<\/div>\n\t\t<div class=\"elementor-element elementor-element-4bc59f5 e-con-full e-flex e-con e-child\" data-id=\"4bc59f5\" data-element_type=\"container\">\n\t\t\t\t<div class=\"elementor-element elementor-element-f183bd5 elementor-widget elementor-widget-heading\" data-id=\"f183bd5\" data-element_type=\"widget\" data-widget_type=\"heading.default\">\n\t\t\t\t\t<h5 class=\"elementor-heading-title elementor-size-default\">Dup\u0103 30 de ani de succes, Renault Clio full hybrid E-Tech aduce o energie proasp\u0103t\u0103.<\/h5>\t\t\t\t<\/div>\n\t\t\t\t<\/div>\n\t\t<div class=\"elementor-element elementor-element-7134cb7 e-con-full e-flex e-con e-child\" data-id=\"7134cb7\" data-element_type=\"container\">\n\t\t<div class=\"elementor-element elementor-element-4bf3e8c e-con-full e-flex e-con e-child\" data-id=\"4bf3e8c\" data-element_type=\"container\">\n\t\t<div class=\"elementor-element elementor-element-61c14a2 e-con-full e-flex e-con e-child\" data-id=\"61c14a2\" data-element_type=\"container\">\n\t\t<div class=\"elementor-element elementor-element-cbc8b46 e-con-full e-flex e-con e-child\" data-id=\"cbc8b46\" data-element_type=\"container\">\n\t\t\t\t<div class=\"elementor-element elementor-element-3195b9b elementor-widget elementor-widget-heading\" data-id=\"3195b9b\" data-element_type=\"widget\" data-widget_type=\"heading.default\">\n\t\t\t\t\t<h5 class=\"elementor-heading-title elementor-size-default\">160 CP<\/h5>\t\t\t\t<\/div>\n\t\t\t\t<div class=\"elementor-element elementor-element-88f5b30 elementor-widget elementor-widget-heading\" data-id=\"88f5b30\" data-element_type=\"widget\" data-widget_type=\"heading.default\">\n\t\t\t\t\t<h5 class=\"elementor-heading-title elementor-size-default\">motorizare full hybrid E-Tech<\/h5>\t\t\t\t<\/div>\n\t\t\t\t<\/div>\n\t\t<div class=\"elementor-element elementor-element-2b640e2 e-con-full e-flex e-con e-child\" data-id=\"2b640e2\" data-element_type=\"container\">\n\t\t\t\t<div class=\"elementor-element elementor-element-b83280b elementor-widget elementor-widget-heading\" data-id=\"b83280b\" data-element_type=\"widget\" data-widget_type=\"heading.default\">\n\t\t\t\t\t<h5 class=\"elementor-heading-title elementor-size-default\">p\u00e2n\u0103 la<\/h5>\t\t\t\t<\/div>\n\t\t\t\t<div class=\"elementor-element elementor-element-f8977ab elementor-widget elementor-widget-heading\" data-id=\"f8977ab\" data-element_type=\"widget\" data-widget_type=\"heading.default\">\n\t\t\t\t\t<h5 class=\"elementor-heading-title elementor-size-default\">1000 km<\/h5>\t\t\t\t<\/div>\n\t\t\t\t<div class=\"elementor-element elementor-element-a63a8b4 elementor-widget elementor-widget-heading\" data-id=\"a63a8b4\" data-element_type=\"widget\" data-widget_type=\"heading.default\">\n\t\t\t\t\t<h5 class=\"elementor-heading-title elementor-size-default\">autonomie<\/h5>\t\t\t\t<\/div>\n\t\t\t\t<\/div>\n\t\t<div class=\"elementor-element elementor-element-81bfd23 e-con-full e-flex e-con e-child\" data-id=\"81bfd23\" data-element_type=\"container\">\n\t\t\t\t<div class=\"elementor-element elementor-element-74bc5e9 elementor-widget elementor-widget-heading\" data-id=\"74bc5e9\" data-element_type=\"widget\" data-widget_type=\"heading.default\">\n\t\t\t\t\t<h5 class=\"elementor-heading-title elementor-size-default\">29<\/h5>\t\t\t\t<\/div>\n\t\t\t\t<div class=\"elementor-element elementor-element-4da02fa elementor-widget elementor-widget-heading\" data-id=\"4da02fa\" data-element_type=\"widget\" data-widget_type=\"heading.default\">\n\t\t\t\t\t<h5 class=\"elementor-heading-title elementor-size-default\">sisteme avansate de asisten\u021b\u0103 pentru \u0219ofer<\/h5>\t\t\t\t<\/div>\n\t\t\t\t<\/div>\n\t\t<div class=\"elementor-element elementor-element-259a381 e-con-full e-flex e-con e-child\" data-id=\"259a381\" data-element_type=\"container\">\n\t\t\t\t<div class=\"elementor-element elementor-element-484d997 elementor-widget elementor-widget-heading\" data-id=\"484d997\" data-element_type=\"widget\" data-widget_type=\"heading.default\">\n\t\t\t\t\t<h5 class=\"elementor-heading-title elementor-size-default\">3 motoriz\u0103ri<\/h5>\t\t\t\t<\/div>\n\t\t\t\t<div class=\"elementor-element elementor-element-3c4dd64 elementor-widget elementor-widget-heading\" data-id=\"3c4dd64\" data-element_type=\"widget\" data-widget_type=\"heading.default\">\n\t\t\t\t\t<h5 class=\"elementor-heading-title elementor-size-default\">full hybrid E-Tech, benzin\u0103, GPL<\/h5>\t\t\t\t<\/div>\n\t\t\t\t<\/div>\n\t\t\t\t<\/div>\n\t\t\t\t<\/div>\n\t\t\t\t<\/div>\n\t\t\t\t\t<\/div>\n\t\t\t\t<\/div>\n\t\t<div class=\"elementor-element elementor-element-8d36a98 e-flex e-con-boxed e-con e-parent\" data-id=\"8d36a98\" data-element_type=\"container\" data-settings=\"{&quot;background_background&quot;:&quot;slideshow&quot;,&quot;background_slideshow_gallery&quot;:[{&quot;id&quot;:1442,&quot;url&quot;:&quot;https:\\\/\\\/autoerebus.ro\\\/renault\\\/wp-content\\\/uploads\\\/2026\\\/01\\\/53f68c5393.webp&quot;}],&quot;background_slideshow_loop&quot;:&quot;yes&quot;,&quot;background_slideshow_slide_duration&quot;:5000,&quot;background_slideshow_slide_transition&quot;:&quot;fade&quot;,&quot;background_slideshow_transition_duration&quot;:500}\">\n\t\t\t\t\t<div class=\"e-con-inner\">\n\t\t<div class=\"elementor-element elementor-element-cb0ac11 e-con-full e-flex e-con e-child\" data-id=\"cb0ac11\" data-element_type=\"container\">\n\t\t\t\t<div class=\"elementor-element elementor-element-2a08f32 elementor-widget elementor-widget-heading\" data-id=\"2a08f32\" data-element_type=\"widget\" data-widget_type=\"heading.default\">\n\t\t\t\t\t<h5 class=\"elementor-heading-title elementor-size-default\">siluet\u0103 sculptat\u0103<\/h5>\t\t\t\t<\/div>\n\t\t\t\t<\/div>\n\t\t<div class=\"elementor-element elementor-element-023d073 e-con-full e-flex e-con e-child\" data-id=\"023d073\" data-element_type=\"container\">\n\t\t\t\t<div class=\"elementor-element elementor-element-723d294 elementor-widget elementor-widget-heading\" data-id=\"723d294\" data-element_type=\"widget\" data-widget_type=\"heading.default\">\n\t\t\t\t\t<h5 class=\"elementor-heading-title elementor-size-default\">Liniile sale sunt fluide, robuste \u0219i bine conturate. Jantele de 18\" \u00eei confer\u0103 un aspect compact \u0219i o \u021binut\u0103 dinamic\u0103.\n<\/h5>\t\t\t\t<\/div>\n\t\t\t\t<\/div>\n\t\t<div class=\"elementor-element elementor-element-55cd5a9 e-con-full e-flex e-con e-child\" data-id=\"55cd5a9\" data-element_type=\"container\">\n\t\t<div class=\"elementor-element elementor-element-ff6637f e-con-full e-flex e-con e-child\" data-id=\"ff6637f\" data-element_type=\"container\">\n\t\t<div class=\"elementor-element elementor-element-049e7a5 e-con-full e-flex e-con e-child\" data-id=\"049e7a5\" data-element_type=\"container\">\n\t\t\t\t<\/div>\n\t\t<div class=\"elementor-element elementor-element-0588e4d e-con-full e-flex e-con e-child\" data-id=\"0588e4d\" data-element_type=\"container\">\n\t\t\t\t<\/div>\n\t\t\t\t<\/div>\n\t\t\t\t<\/div>\n\t\t\t\t\t<\/div>\n\t\t\t\t<\/div>\n\t\t<div class=\"elementor-element elementor-element-7c44cc4 e-flex e-con-boxed e-con e-parent\" data-id=\"7c44cc4\" data-element_type=\"container\" data-settings=\"{&quot;background_background&quot;:&quot;slideshow&quot;,&quot;background_slideshow_gallery&quot;:[{&quot;id&quot;:1446,&quot;url&quot;:&quot;https:\\\/\\\/autoerebus.ro\\\/renault\\\/wp-content\\\/uploads\\\/2026\\\/01\\\/ca1542538b.webp&quot;}],&quot;background_slideshow_loop&quot;:&quot;yes&quot;,&quot;background_slideshow_slide_duration&quot;:5000,&quot;background_slideshow_slide_transition&quot;:&quot;fade&quot;,&quot;background_slideshow_transition_duration&quot;:500}\">\n\t\t\t\t\t<div class=\"e-con-inner\">\n\t\t<div class=\"elementor-element elementor-element-359f2ba e-con-full e-flex e-con e-child\" data-id=\"359f2ba\" data-element_type=\"container\">\n\t\t\t\t<div class=\"elementor-element elementor-element-4a4f480 elementor-widget elementor-widget-heading\" data-id=\"4a4f480\" data-element_type=\"widget\" data-widget_type=\"heading.default\">\n\t\t\t\t\t<h5 class=\"elementor-heading-title elementor-size-default\">linii sportive<\/h5>\t\t\t\t<\/div>\n\t\t\t\t<\/div>\n\t\t<div class=\"elementor-element elementor-element-69e5c02 e-con-full e-flex e-con e-child\" data-id=\"69e5c02\" data-element_type=\"container\">\n\t\t\t\t<div class=\"elementor-element elementor-element-e48a4f8 elementor-widget elementor-widget-heading\" data-id=\"e48a4f8\" data-element_type=\"widget\" data-widget_type=\"heading.default\">\n\t\t\t\t\t<h5 class=\"elementor-heading-title elementor-size-default\">Profilul de coup\u00e9 al acestui vehicul hibrid de ora\u0219 redefine\u0219te standardele segmentului din care face parte. Luminile sunt considerate un element estetic de sine st\u0103t\u0103tor, iar forma geamurilor \u0219i spoilerului \u00eei confer\u0103 un aspect sportiv \u0219i plin de energie.\n<\/h5>\t\t\t\t<\/div>\n\t\t\t\t<\/div>\n\t\t<div class=\"elementor-element elementor-element-72ae41f e-con-full e-flex e-con e-child\" data-id=\"72ae41f\" data-element_type=\"container\">\n\t\t<div class=\"elementor-element elementor-element-83a70c2 e-con-full e-flex e-con e-child\" data-id=\"83a70c2\" data-element_type=\"container\">\n\t\t<div class=\"elementor-element elementor-element-568c494 e-con-full e-flex e-con e-child\" data-id=\"568c494\" data-element_type=\"container\">\n\t\t\t\t<\/div>\n\t\t<div class=\"elementor-element elementor-element-810e2aa e-con-full e-flex e-con e-child\" data-id=\"810e2aa\" data-element_type=\"container\">\n\t\t\t\t<\/div>\n\t\t\t\t<\/div>\n\t\t\t\t<\/div>\n\t\t\t\t\t<\/div>\n\t\t\t\t<\/div>\n\t\t<div class=\"elementor-element elementor-element-e25bb3d e-flex e-con-boxed e-con e-parent\" data-id=\"e25bb3d\" data-element_type=\"container\" data-settings=\"{&quot;background_background&quot;:&quot;slideshow&quot;,&quot;background_slideshow_gallery&quot;:[{&quot;id&quot;:1451,&quot;url&quot;:&quot;https:\\\/\\\/autoerebus.ro\\\/renault\\\/wp-content\\\/uploads\\\/2026\\\/01\\\/55bac527e4.webp&quot;}],&quot;background_slideshow_loop&quot;:&quot;yes&quot;,&quot;background_slideshow_slide_duration&quot;:5000,&quot;background_slideshow_slide_transition&quot;:&quot;fade&quot;,&quot;background_slideshow_transition_duration&quot;:500}\">\n\t\t\t\t\t<div class=\"e-con-inner\">\n\t\t<div class=\"elementor-element elementor-element-16fd8c4 e-con-full e-flex e-con e-child\" data-id=\"16fd8c4\" data-element_type=\"container\">\n\t\t\t\t<div class=\"elementor-element elementor-element-42a02b6 elementor-widget elementor-widget-heading\" data-id=\"42a02b6\" data-element_type=\"widget\" data-widget_type=\"heading.default\">\n\t\t\t\t\t<div class=\"elementor-heading-title elementor-size-default\">post de conducere nou<\/div>\t\t\t\t<\/div>\n\t\t\t\t<\/div>\n\t\t<div class=\"elementor-element elementor-element-42ef062 e-con-full e-flex e-con e-child\" data-id=\"42ef062\" data-element_type=\"container\">\n\t\t\t\t<div class=\"elementor-element elementor-element-dc3335b elementor-widget elementor-widget-heading\" data-id=\"dc3335b\" data-element_type=\"widget\" data-widget_type=\"heading.default\">\n\t\t\t\t\t<h5 class=\"elementor-heading-title elementor-size-default\">comenzi ergonomice: 2 ecrane openR de 10\", schimb\u0103tor de viteze electronic amplasat \u00een spatele volanului, consol\u0103 central\u0103 aerisit\u0103<\/h5>\t\t\t\t<\/div>\n\t\t\t\t<\/div>\n\t\t<div class=\"elementor-element elementor-element-ccc43aa e-con-full e-flex e-con e-child\" data-id=\"ccc43aa\" data-element_type=\"container\">\n\t\t<div class=\"elementor-element elementor-element-ccdbcbb e-con-full e-flex e-con e-child\" data-id=\"ccdbcbb\" data-element_type=\"container\">\n\t\t<div class=\"elementor-element elementor-element-aba49b6 e-con-full e-flex e-con e-child\" data-id=\"aba49b6\" data-element_type=\"container\">\n\t\t\t\t<\/div>\n\t\t<div class=\"elementor-element elementor-element-821229c e-con-full e-flex e-con e-child\" data-id=\"821229c\" data-element_type=\"container\">\n\t\t\t\t<\/div>\n\t\t\t\t<\/div>\n\t\t\t\t<\/div>\n\t\t\t\t\t<\/div>\n\t\t\t\t<\/div>\n\t\t<div class=\"elementor-element elementor-element-f70a887 elementor-hidden-desktop e-flex e-con-boxed e-con e-parent\" data-id=\"f70a887\" data-element_type=\"container\" data-settings=\"{&quot;position&quot;:&quot;fixed&quot;,&quot;motion_fx_motion_fx_scrolling&quot;:&quot;yes&quot;,&quot;sticky&quot;:&quot;bottom&quot;,&quot;sticky_on&quot;:[&quot;tablet&quot;,&quot;mobile&quot;],&quot;motion_fx_devices&quot;:[&quot;desktop&quot;,&quot;tablet&quot;,&quot;mobile&quot;],&quot;sticky_offset&quot;:0,&quot;sticky_effects_offset&quot;:0,&quot;sticky_anchor_link_offset&quot;:0}\">\n\t\t\t\t\t<div class=\"e-con-inner\">\n\t\t<div class=\"elementor-element elementor-element-a748420 e-con-full e-flex e-con e-child\" data-id=\"a748420\" data-element_type=\"container\">\n\t\t\t\t<div class=\"elementor-element elementor-element-cb552bc elementor-align-left elementor-mobile-align-justify elementor-hidden-desktop elementor-widget elementor-widget-button\" data-id=\"cb552bc\" data-element_type=\"widget\" data-widget_type=\"button.default\">\n\t\t\t\t\t\t\t\t\t\t<a class=\"elementor-button elementor-button-link elementor-size-sm\" href=\"#\">\n\t\t\t\t\t\t<span class=\"elementor-button-content-wrapper\">\n\t\t\t\t\t\t\t\t\t<span class=\"elementor-button-text\">cere o ofert\u0103<\/span>\n\t\t\t\t\t<\/span>\n\t\t\t\t\t<\/a>\n\t\t\t\t\t\t\t\t<\/div>\n\t\t\t\t<\/div>\n\t\t<div class=\"elementor-element elementor-element-b16608a e-con-full e-flex e-con e-child\" data-id=\"b16608a\" data-element_type=\"container\">\n\t\t\t\t<div class=\"elementor-element elementor-element-0cf15bc elementor-align-left elementor-mobile-align-justify elementor-hidden-desktop elementor-widget elementor-widget-button\" data-id=\"0cf15bc\" data-element_type=\"widget\" data-widget_type=\"button.default\">\n\t\t\t\t\t\t\t\t\t\t<a class=\"elementor-button elementor-button-link elementor-size-sm\" href=\"#\">\n\t\t\t\t\t\t<span class=\"elementor-button-content-wrapper\">\n\t\t\t\t\t\t\t\t\t<span class=\"elementor-button-text\">test drive<\/span>\n\t\t\t\t\t<\/span>\n\t\t\t\t\t<\/a>\n\t\t\t\t\t\t\t\t<\/div>\n\t\t\t\t<\/div>\n\t\t\t\t\t<\/div>\n\t\t\t\t<\/div>\n\t\t\t\t<\/div>\n\t\t","protected":false},"excerpt":{"rendered":"<p>NOUL RENAULT CLIO FULL HYBRID E\u2011TECH LOVE REDESIGNED de la 17.800 EUR de la 17.800 EUR cere o ofert\u0103 test drive renault clio Full Hybrid E-TECH Dup\u0103 30 de ani de succes, Renault Clio full hybrid E-Tech aduce o energie proasp\u0103t\u0103. 160 CP motorizare full hybrid E-Tech p\u00e2n\u0103 la 1000 km autonomie 29 sisteme avansate [&hellip;]<\/p>\n","protected":false},"author":1,"featured_media":0,"parent":0,"menu_order":0,"comment_status":"closed","ping_status":"closed","template":"elementor_header_footer","meta":{"inline_featured_image":false,"footnotes":""},"class_list":["post-1435","page","type-page","status-publish","hentry"],"_links":{"self":[{"href":"https:\/\/autoerebus.ro\/renault\/index.php?rest_route=\/wp\/v2\/pages\/1435","targetHints":{"allow":["GET"]}}],"collection":[{"href":"https:\/\/autoerebus.ro\/renault\/index.php?rest_route=\/wp\/v2\/pages"}],"about":[{"href":"https:\/\/autoerebus.ro\/renault\/index.php?rest_route=\/wp\/v2\/types\/page"}],"author":[{"embeddable":true,"href":"https:\/\/autoerebus.ro\/renault\/index.php?rest_route=\/wp\/v2\/users\/1"}],"replies":[{"embeddable":true,"href":"https:\/\/autoerebus.ro\/renault\/index.php?rest_route=%2Fwp%2Fv2%2Fcomments&post=1435"}],"version-history":[{"count":16,"href":"https:\/\/autoerebus.ro\/renault\/index.php?rest_route=\/wp\/v2\/pages\/1435\/revisions"}],"predecessor-version":[{"id":1458,"href":"https:\/\/autoerebus.ro\/renault\/index.php?rest_route=\/wp\/v2\/pages\/1435\/revisions\/1458"}],"wp:attachment":[{"href":"https:\/\/autoerebus.ro\/renault\/index.php?rest_route=%2Fwp%2Fv2%2Fmedia&parent=1435"}],"curies":[{"name":"wp","href":"https:\/\/api.w.org\/{rel}","templated":true}]}}