{"id":1395,"date":"2025-12-22T07:21:37","date_gmt":"2025-12-22T07:21:37","guid":{"rendered":"https:\/\/autoerebus.ro\/renault\/?page_id=1395"},"modified":"2026-02-02T12:06:02","modified_gmt":"2026-02-02T12:06:02","slug":"renault-symbioz-e-tech-autoerebus-dealer-renault","status":"publish","type":"page","link":"https:\/\/autoerebus.ro\/renault\/?page_id=1395","title":{"rendered":"Renault Symbioz E-Tech &#8211; Autoerebus &#8211; Dealer Renault"},"content":{"rendered":"\t\t<div data-elementor-type=\"wp-page\" data-elementor-id=\"1395\" class=\"elementor elementor-1395\" data-elementor-post-type=\"page\">\n\t\t\t\t<div class=\"elementor-element elementor-element-d9dded0 e-flex e-con-boxed e-con e-parent\" data-id=\"d9dded0\" data-element_type=\"container\" data-settings=\"{&quot;background_background&quot;:&quot;video&quot;,&quot;background_video_link&quot;:&quot;https:\\\/\\\/cdn.group.renault.com\\\/ren\\\/master\\\/renault-new-cars\\\/product-plans\\\/symbioz-djb\\\/herozone\\\/renault-symbioz-djb-ph1-herozone-001-video-desktop.mp4.asset.mp4\\\/6f4e714211.mp4&quot;,&quot;background_play_on_mobile&quot;:&quot;yes&quot;}\">\n\t\t\t\t\t<div class=\"e-con-inner\">\n\t\t<div class=\"elementor-background-video-container\" aria-hidden=\"true\">\n\t\t\t\t\t\t\t<video class=\"elementor-background-video-hosted\" autoplay muted playsinline loop><\/video>\n\t\t\t\t\t<\/div><div class=\"elementor-element elementor-element-4f35c88 e-con-full e-flex e-con e-child\" data-id=\"4f35c88\" data-element_type=\"container\">\n\t\t\t\t<div class=\"elementor-element elementor-element-944fe27 elementor-widget elementor-widget-heading\" data-id=\"944fe27\" data-element_type=\"widget\" data-widget_type=\"heading.default\">\n\t\t\t\t\t<h2 class=\"elementor-heading-title elementor-size-default\">RENAULT SYMBIOZ FULL HYBRID E-TECH\n<\/h2>\t\t\t\t<\/div>\n\t\t\t\t<div class=\"elementor-element elementor-element-8187888 elementor-widget elementor-widget-heading\" data-id=\"8187888\" data-element_type=\"widget\" data-widget_type=\"heading.default\">\n\t\t\t\t\t<h2 class=\"elementor-heading-title elementor-size-default\">SYMBIOZ<\/h2>\t\t\t\t<\/div>\n\t\t\t\t<div class=\"elementor-element elementor-element-e526838 elementor-hidden-tablet elementor-hidden-mobile elementor-widget elementor-widget-heading\" data-id=\"e526838\" data-element_type=\"widget\" data-widget_type=\"heading.default\">\n\t\t\t\t\t<h2 class=\"elementor-heading-title elementor-size-default\">de la 25.750 \u20ac <\/h2>\t\t\t\t<\/div>\n\t\t\t\t<div class=\"elementor-element elementor-element-7c2200a elementor-hidden-desktop elementor-widget elementor-widget-heading\" data-id=\"7c2200a\" data-element_type=\"widget\" data-widget_type=\"heading.default\">\n\t\t\t\t\t<h2 class=\"elementor-heading-title elementor-size-default\">de la <span style=\"background:#efdf00;color:#000000;padding:5px 10px\">25.750 EUR<\/span>\n<\/h2>\t\t\t\t<\/div>\n\t\t<div class=\"elementor-element elementor-element-8c8aebc e-con-full e-flex e-con e-child\" data-id=\"8c8aebc\" data-element_type=\"container\">\n\t\t<div class=\"elementor-element elementor-element-c0427f4 e-con-full elementor-hidden-tablet elementor-hidden-mobile e-flex e-con e-child\" data-id=\"c0427f4\" data-element_type=\"container\">\n\t\t\t\t<div class=\"elementor-element elementor-element-75e8e0d elementor-align-right elementor-mobile-align-center elementor-widget elementor-widget-button\" data-id=\"75e8e0d\" data-element_type=\"widget\" data-widget_type=\"button.default\">\n\t\t\t\t\t\t\t\t\t\t<a class=\"elementor-button elementor-button-link elementor-size-sm\" href=\"https:\/\/autoerebus.ro\/renault\/?page_id=884\">\n\t\t\t\t\t\t<span class=\"elementor-button-content-wrapper\">\n\t\t\t\t\t\t\t\t\t<span class=\"elementor-button-text\">cere o ofert\u0103<\/span>\n\t\t\t\t\t<\/span>\n\t\t\t\t\t<\/a>\n\t\t\t\t\t\t\t\t<\/div>\n\t\t\t\t<\/div>\n\t\t<div class=\"elementor-element elementor-element-4ea843e e-con-full elementor-hidden-tablet elementor-hidden-mobile e-flex e-con e-child\" data-id=\"4ea843e\" data-element_type=\"container\">\n\t\t\t\t<div class=\"elementor-element elementor-element-db9e612 elementor-align-left elementor-mobile-align-center elementor-widget elementor-widget-button\" data-id=\"db9e612\" data-element_type=\"widget\" data-widget_type=\"button.default\">\n\t\t\t\t\t\t\t\t\t\t<a class=\"elementor-button elementor-button-link elementor-size-sm\" href=\"#\">\n\t\t\t\t\t\t<span class=\"elementor-button-content-wrapper\">\n\t\t\t\t\t\t\t\t\t<span class=\"elementor-button-text\">test drive<\/span>\n\t\t\t\t\t<\/span>\n\t\t\t\t\t<\/a>\n\t\t\t\t\t\t\t\t<\/div>\n\t\t\t\t<\/div>\n\t\t\t\t<\/div>\n\t\t\t\t<\/div>\n\t\t\t\t\t<\/div>\n\t\t\t\t<\/div>\n\t\t<div class=\"elementor-element elementor-element-f70a887 elementor-hidden-desktop e-flex e-con-boxed e-con e-parent\" data-id=\"f70a887\" data-element_type=\"container\" data-settings=\"{&quot;position&quot;:&quot;fixed&quot;,&quot;motion_fx_motion_fx_scrolling&quot;:&quot;yes&quot;,&quot;sticky&quot;:&quot;bottom&quot;,&quot;sticky_on&quot;:[&quot;tablet&quot;,&quot;mobile&quot;],&quot;motion_fx_devices&quot;:[&quot;desktop&quot;,&quot;tablet&quot;,&quot;mobile&quot;],&quot;sticky_offset&quot;:0,&quot;sticky_effects_offset&quot;:0,&quot;sticky_anchor_link_offset&quot;:0}\">\n\t\t\t\t\t<div class=\"e-con-inner\">\n\t\t<div class=\"elementor-element elementor-element-a748420 e-con-full e-flex e-con e-child\" data-id=\"a748420\" data-element_type=\"container\">\n\t\t\t\t<div class=\"elementor-element elementor-element-cb552bc elementor-align-left elementor-mobile-align-justify elementor-hidden-desktop elementor-widget elementor-widget-button\" data-id=\"cb552bc\" data-element_type=\"widget\" data-widget_type=\"button.default\">\n\t\t\t\t\t\t\t\t\t\t<a class=\"elementor-button elementor-button-link elementor-size-sm\" href=\"#\">\n\t\t\t\t\t\t<span class=\"elementor-button-content-wrapper\">\n\t\t\t\t\t\t\t\t\t<span class=\"elementor-button-text\">cere o ofert\u0103<\/span>\n\t\t\t\t\t<\/span>\n\t\t\t\t\t<\/a>\n\t\t\t\t\t\t\t\t<\/div>\n\t\t\t\t<\/div>\n\t\t<div class=\"elementor-element elementor-element-b16608a e-con-full e-flex e-con e-child\" data-id=\"b16608a\" data-element_type=\"container\">\n\t\t\t\t<div class=\"elementor-element elementor-element-0cf15bc elementor-align-left elementor-mobile-align-justify elementor-hidden-desktop elementor-widget elementor-widget-button\" data-id=\"0cf15bc\" data-element_type=\"widget\" data-widget_type=\"button.default\">\n\t\t\t\t\t\t\t\t\t\t<a class=\"elementor-button elementor-button-link elementor-size-sm\" href=\"#\">\n\t\t\t\t\t\t<span class=\"elementor-button-content-wrapper\">\n\t\t\t\t\t\t\t\t\t<span class=\"elementor-button-text\">test drive<\/span>\n\t\t\t\t\t<\/span>\n\t\t\t\t\t<\/a>\n\t\t\t\t\t\t\t\t<\/div>\n\t\t\t\t<\/div>\n\t\t\t\t\t<\/div>\n\t\t\t\t<\/div>\n\t\t<div class=\"elementor-element elementor-element-859c1a3 e-flex e-con-boxed e-con e-parent\" data-id=\"859c1a3\" data-element_type=\"container\" data-settings=\"{&quot;background_background&quot;:&quot;slideshow&quot;,&quot;background_slideshow_gallery&quot;:[{&quot;id&quot;:1406,&quot;url&quot;:&quot;https:\\\/\\\/autoerebus.ro\\\/renault\\\/wp-content\\\/uploads\\\/2025\\\/12\\\/c01e73498d.webp&quot;}],&quot;background_slideshow_loop&quot;:&quot;yes&quot;,&quot;background_slideshow_slide_duration&quot;:5000,&quot;background_slideshow_slide_transition&quot;:&quot;fade&quot;,&quot;background_slideshow_transition_duration&quot;:500}\">\n\t\t\t\t\t<div class=\"e-con-inner\">\n\t\t<div class=\"elementor-element elementor-element-be61598 e-con-full e-flex e-con e-child\" data-id=\"be61598\" data-element_type=\"container\">\n\t\t\t\t<div class=\"elementor-element elementor-element-8c38b20 elementor-widget elementor-widget-heading\" data-id=\"8c38b20\" data-element_type=\"widget\" data-widget_type=\"heading.default\">\n\t\t\t\t\t<h5 class=\"elementor-heading-title elementor-size-default\">RENAULT SYMBIOZ<\/h5>\t\t\t\t<\/div>\n\t\t\t\t<\/div>\n\t\t<div class=\"elementor-element elementor-element-1d78f25 e-con-full e-flex e-con e-child\" data-id=\"1d78f25\" data-element_type=\"container\">\n\t\t\t\t<div class=\"elementor-element elementor-element-bbcfb45 elementor-widget elementor-widget-heading\" data-id=\"bbcfb45\" data-element_type=\"widget\" data-widget_type=\"heading.default\">\n\t\t\t\t\t<h5 class=\"elementor-heading-title elementor-size-default\">Renault Symbioz combin\u0103 avantajele unei ma\u0219ini de familie cu cele ale unui vehicul compact.<br><br>\n\nTehnologie \u0219i confort - bucur\u0103-te de plafonul panoramic solarbay\u00ae din sticl\u0103 opacizant\u0103 \u0219i de sistemul multimedia openR link cu servicii Google integrate*.<br><br>\n\nRenault Symbioz este disponibil \u0219i cu motoriz\u0103ri full hybrid E-Tech de 160 CP \u0219i mild hybrid de 140 CP.\n\n<\/h5>\t\t\t\t<\/div>\n\t\t\t\t<\/div>\n\t\t<div class=\"elementor-element elementor-element-a773c00 e-con-full e-flex e-con e-child\" data-id=\"a773c00\" data-element_type=\"container\">\n\t\t<div class=\"elementor-element elementor-element-ca1a63a e-con-full e-flex e-con e-child\" data-id=\"ca1a63a\" data-element_type=\"container\">\n\t\t<div class=\"elementor-element elementor-element-aa005f8 e-con-full e-flex e-con e-child\" data-id=\"aa005f8\" data-element_type=\"container\">\n\t\t\t\t<\/div>\n\t\t\t\t<\/div>\n\t\t\t\t<\/div>\n\t\t\t\t\t<\/div>\n\t\t\t\t<\/div>\n\t\t<div class=\"elementor-element elementor-element-122caa6 e-flex e-con-boxed e-con e-parent\" data-id=\"122caa6\" data-element_type=\"container\" data-settings=\"{&quot;background_background&quot;:&quot;classic&quot;}\">\n\t\t\t\t\t<div class=\"e-con-inner\">\n\t\t<div class=\"elementor-element elementor-element-8aebb82 e-con-full e-flex e-con e-child\" data-id=\"8aebb82\" data-element_type=\"container\">\n\t\t<div class=\"elementor-element elementor-element-c9d192a e-con-full e-flex e-con e-child\" data-id=\"c9d192a\" data-element_type=\"container\">\n\t\t<div class=\"elementor-element elementor-element-75d1f46 e-con-full e-flex e-con e-child\" data-id=\"75d1f46\" data-element_type=\"container\">\n\t\t\t\t<div class=\"elementor-element elementor-element-34d2011 elementor-widget elementor-widget-heading\" data-id=\"34d2011\" data-element_type=\"widget\" data-widget_type=\"heading.default\">\n\t\t\t\t\t<h5 class=\"elementor-heading-title elementor-size-default\">2 motoriz\u0103ri<\/h5>\t\t\t\t<\/div>\n\t\t\t\t<div class=\"elementor-element elementor-element-f8156f7 elementor-widget elementor-widget-heading\" data-id=\"f8156f7\" data-element_type=\"widget\" data-widget_type=\"heading.default\">\n\t\t\t\t\t<h5 class=\"elementor-heading-title elementor-size-default\">full hybrid E-Tech, mild hybrid<\/h5>\t\t\t\t<\/div>\n\t\t\t\t<div class=\"elementor-element elementor-element-4532e91 elementor-widget elementor-widget-heading\" data-id=\"4532e91\" data-element_type=\"widget\" data-widget_type=\"heading.default\">\n\t\t\t\t\t<h5 class=\"elementor-heading-title elementor-size-default\">29<\/h5>\t\t\t\t<\/div>\n\t\t\t\t<div class=\"elementor-element elementor-element-e6d466b elementor-widget elementor-widget-heading\" data-id=\"e6d466b\" data-element_type=\"widget\" data-widget_type=\"heading.default\">\n\t\t\t\t\t<h5 class=\"elementor-heading-title elementor-size-default\">sisteme avansate de asisten\u021b\u0103 pentru \u0219ofe<\/h5>\t\t\t\t<\/div>\n\t\t\t\t<div class=\"elementor-element elementor-element-9990967 elementor-widget elementor-widget-heading\" data-id=\"9990967\" data-element_type=\"widget\" data-widget_type=\"heading.default\">\n\t\t\t\t\t<h5 class=\"elementor-heading-title elementor-size-default\">16 cm<\/h5>\t\t\t\t<\/div>\n\t\t\t\t<div class=\"elementor-element elementor-element-7ddefa0 elementor-widget elementor-widget-heading\" data-id=\"7ddefa0\" data-element_type=\"widget\" data-widget_type=\"heading.default\">\n\t\t\t\t\t<h5 class=\"elementor-heading-title elementor-size-default\">de banchet\u0103 culisant\u0103<\/h5>\t\t\t\t<\/div>\n\t\t\t\t<\/div>\n\t\t<div class=\"elementor-element elementor-element-f8c26e3 e-con-full e-flex e-con e-child\" data-id=\"f8c26e3\" data-element_type=\"container\">\n\t\t\t\t<div class=\"elementor-element elementor-element-371e7d6 elementor-widget elementor-widget-heading\" data-id=\"371e7d6\" data-element_type=\"widget\" data-widget_type=\"heading.default\">\n\t\t\t\t\t<h5 class=\"elementor-heading-title elementor-size-default\">p\u00e2n\u0103 la<\/h5>\t\t\t\t<\/div>\n\t\t\t\t<div class=\"elementor-element elementor-element-56878f3 elementor-widget elementor-widget-heading\" data-id=\"56878f3\" data-element_type=\"widget\" data-widget_type=\"heading.default\">\n\t\t\t\t\t<h5 class=\"elementor-heading-title elementor-size-default\">1000 km<\/h5>\t\t\t\t<\/div>\n\t\t\t\t<div class=\"elementor-element elementor-element-1919c0f elementor-widget elementor-widget-heading\" data-id=\"1919c0f\" data-element_type=\"widget\" data-widget_type=\"heading.default\">\n\t\t\t\t\t<h5 class=\"elementor-heading-title elementor-size-default\">autonomie<\/h5>\t\t\t\t<\/div>\n\t\t\t\t<div class=\"elementor-element elementor-element-e40eab5 elementor-widget elementor-widget-heading\" data-id=\"e40eab5\" data-element_type=\"widget\" data-widget_type=\"heading.default\">\n\t\t\t\t\t<h5 class=\"elementor-heading-title elementor-size-default\">10,4 inch<\/h5>\t\t\t\t<\/div>\n\t\t\t\t<div class=\"elementor-element elementor-element-c6ae047 elementor-widget elementor-widget-heading\" data-id=\"c6ae047\" data-element_type=\"widget\" data-widget_type=\"heading.default\">\n\t\t\t\t\t<h5 class=\"elementor-heading-title elementor-size-default\">ecran central nou<\/h5>\t\t\t\t<\/div>\n\t\t\t\t<div class=\"elementor-element elementor-element-6efbfc9 elementor-widget elementor-widget-heading\" data-id=\"6efbfc9\" data-element_type=\"widget\" data-widget_type=\"heading.default\">\n\t\t\t\t\t<h5 class=\"elementor-heading-title elementor-size-default\">p\u00e2n\u0103 la\n<\/h5>\t\t\t\t<\/div>\n\t\t\t\t<div class=\"elementor-element elementor-element-066bb75 elementor-widget elementor-widget-heading\" data-id=\"066bb75\" data-element_type=\"widget\" data-widget_type=\"heading.default\">\n\t\t\t\t\t<h5 class=\"elementor-heading-title elementor-size-default\">708 l<\/h5>\t\t\t\t<\/div>\n\t\t\t\t<div class=\"elementor-element elementor-element-dbf3b36 elementor-widget elementor-widget-heading\" data-id=\"dbf3b36\" data-element_type=\"widget\" data-widget_type=\"heading.default\">\n\t\t\t\t\t<h5 class=\"elementor-heading-title elementor-size-default\">de volum portbagaj cu bancheta \u00een fa\u021b\u0103\n<\/h5>\t\t\t\t<\/div>\n\t\t\t\t<\/div>\n\t\t\t\t<\/div>\n\t\t\t\t<\/div>\n\t\t\t\t\t<\/div>\n\t\t\t\t<\/div>\n\t\t<div class=\"elementor-element elementor-element-c9b3d7d e-flex e-con-boxed e-con e-parent\" data-id=\"c9b3d7d\" data-element_type=\"container\" data-settings=\"{&quot;background_background&quot;:&quot;video&quot;,&quot;background_video_link&quot;:&quot;https:\\\/\\\/cdn.group.renault.com\\\/ren\\\/master\\\/renault-new-cars\\\/product-plans\\\/symbioz-djb\\\/overview\\\/renault-symbioz-djb-ph1-overview-66-video-desktop.mp4.asset.mp4\\\/746dd4bbdc.mp4&quot;,&quot;background_play_on_mobile&quot;:&quot;yes&quot;}\">\n\t\t\t\t\t<div class=\"e-con-inner\">\n\t\t<div class=\"elementor-background-video-container\" aria-hidden=\"true\">\n\t\t\t\t\t\t\t<video class=\"elementor-background-video-hosted\" autoplay muted playsinline loop><\/video>\n\t\t\t\t\t<\/div><div class=\"elementor-element elementor-element-52f30a0 e-con-full e-flex e-con e-child\" data-id=\"52f30a0\" data-element_type=\"container\">\n\t\t\t\t<div class=\"elementor-element elementor-element-55851d9 elementor-widget elementor-widget-heading\" data-id=\"55851d9\" data-element_type=\"widget\" data-widget_type=\"heading.default\">\n\t\t\t\t\t<h5 class=\"elementor-heading-title elementor-size-default\">noua motorizare full hybrid E-Tech\n<\/h5>\t\t\t\t<\/div>\n\t\t\t\t<\/div>\n\t\t<div class=\"elementor-element elementor-element-d30a19a e-con-full e-flex e-con e-child\" data-id=\"d30a19a\" data-element_type=\"container\">\n\t\t\t\t<div class=\"elementor-element elementor-element-4ec1159 elementor-widget elementor-widget-heading\" data-id=\"4ec1159\" data-element_type=\"widget\" data-widget_type=\"heading.default\">\n\t\t\t\t\t<h5 class=\"elementor-heading-title elementor-size-default\">Desf\u0103\u0219oar\u0103-\u021bi activit\u0103\u021bile zilnice ca de obicei, av\u00e2nd o autonomie de 1.000 km \u0219i economisind 40%* la consumul de combustibil. Bucur\u0103-te de pl\u0103cerea de a conduce p\u00e2n\u0103 la 80%** \u00een regim complet electric, at\u00e2t \u00een ora\u0219, c\u00e2t \u0219i \u00een afara acestuia.\n\n<\/h5>\t\t\t\t<\/div>\n\t\t\t\t<\/div>\n\t\t<div class=\"elementor-element elementor-element-cc8a0ca e-con-full e-flex e-con e-child\" data-id=\"cc8a0ca\" data-element_type=\"container\">\n\t\t<div class=\"elementor-element elementor-element-9502cc2 e-con-full e-flex e-con e-child\" data-id=\"9502cc2\" data-element_type=\"container\">\n\t\t<div class=\"elementor-element elementor-element-3a6e34c e-con-full e-flex e-con e-child\" data-id=\"3a6e34c\" data-element_type=\"container\">\n\t\t\t\t<div class=\"elementor-element elementor-element-29fa310 elementor-widget elementor-widget-heading\" data-id=\"29fa310\" data-element_type=\"widget\" data-widget_type=\"heading.default\">\n\t\t\t\t\t<h5 class=\"elementor-heading-title elementor-size-default\">motorizare<\/h5>\t\t\t\t<\/div>\n\t\t\t\t<div class=\"elementor-element elementor-element-2e20ce7 elementor-widget elementor-widget-heading\" data-id=\"2e20ce7\" data-element_type=\"widget\" data-widget_type=\"heading.default\">\n\t\t\t\t\t<h5 class=\"elementor-heading-title elementor-size-default\">160 cp<\/h5>\t\t\t\t<\/div>\n\t\t\t\t<\/div>\n\t\t<div class=\"elementor-element elementor-element-fc30694 e-con-full e-flex e-con e-child\" data-id=\"fc30694\" data-element_type=\"container\">\n\t\t\t\t<\/div>\n\t\t\t\t<\/div>\n\t\t\t\t<\/div>\n\t\t\t\t\t<\/div>\n\t\t\t\t<\/div>\n\t\t\t\t<\/div>\n\t\t","protected":false},"excerpt":{"rendered":"<p>RENAULT SYMBIOZ FULL HYBRID E-TECH SYMBIOZ de la 25.750 \u20ac de la 25.750 EUR cere o ofert\u0103 test drive cere o ofert\u0103 test drive RENAULT SYMBIOZ Renault Symbioz combin\u0103 avantajele unei ma\u0219ini de familie cu cele ale unui vehicul compact. Tehnologie \u0219i confort &#8211; bucur\u0103-te de plafonul panoramic solarbay\u00ae din sticl\u0103 opacizant\u0103 \u0219i de sistemul [&hellip;]<\/p>\n","protected":false},"author":1,"featured_media":0,"parent":0,"menu_order":0,"comment_status":"closed","ping_status":"closed","template":"elementor_header_footer","meta":{"inline_featured_image":false,"footnotes":""},"class_list":["post-1395","page","type-page","status-publish","hentry"],"_links":{"self":[{"href":"https:\/\/autoerebus.ro\/renault\/index.php?rest_route=\/wp\/v2\/pages\/1395","targetHints":{"allow":["GET"]}}],"collection":[{"href":"https:\/\/autoerebus.ro\/renault\/index.php?rest_route=\/wp\/v2\/pages"}],"about":[{"href":"https:\/\/autoerebus.ro\/renault\/index.php?rest_route=\/wp\/v2\/types\/page"}],"author":[{"embeddable":true,"href":"https:\/\/autoerebus.ro\/renault\/index.php?rest_route=\/wp\/v2\/users\/1"}],"replies":[{"embeddable":true,"href":"https:\/\/autoerebus.ro\/renault\/index.php?rest_route=%2Fwp%2Fv2%2Fcomments&post=1395"}],"version-history":[{"count":19,"href":"https:\/\/autoerebus.ro\/renault\/index.php?rest_route=\/wp\/v2\/pages\/1395\/revisions"}],"predecessor-version":[{"id":1506,"href":"https:\/\/autoerebus.ro\/renault\/index.php?rest_route=\/wp\/v2\/pages\/1395\/revisions\/1506"}],"wp:attachment":[{"href":"https:\/\/autoerebus.ro\/renault\/index.php?rest_route=%2Fwp%2Fv2%2Fmedia&parent=1395"}],"curies":[{"name":"wp","href":"https:\/\/api.w.org\/{rel}","templated":true}]}}