{"id":1155,"date":"2025-09-08T10:44:57","date_gmt":"2025-09-08T10:44:57","guid":{"rendered":"https:\/\/3ads.ro\/clients\/renault\/?page_id=1155"},"modified":"2026-02-02T12:05:51","modified_gmt":"2026-02-02T12:05:51","slug":"renault-symbioz-autoerebus-dealer-renault","status":"publish","type":"page","link":"https:\/\/autoerebus.ro\/renault\/?page_id=1155","title":{"rendered":"Renault SCENIC &#8211; Autoerebus &#8211; Dealer Renault"},"content":{"rendered":"\t\t<div data-elementor-type=\"wp-page\" data-elementor-id=\"1155\" class=\"elementor elementor-1155\" data-elementor-post-type=\"page\">\n\t\t\t\t<div class=\"elementor-element elementor-element-d9dded0 e-flex e-con-boxed e-con e-parent\" data-id=\"d9dded0\" data-element_type=\"container\" data-settings=\"{&quot;background_background&quot;:&quot;video&quot;,&quot;background_video_link&quot;:&quot;https:\\\/\\\/cdn.group.renault.com\\\/ren\\\/master\\\/renault-new-cars\\\/product-plans\\\/scenic\\\/hcb-scenic\\\/reveal\\\/new-editorial\\\/renault-hcb-ph1-000-desktop.mp4.asset.mp4\\\/dc54480771.mp4&quot;}\">\n\t\t\t\t\t<div class=\"e-con-inner\">\n\t\t<div class=\"elementor-background-video-container elementor-hidden-mobile\" aria-hidden=\"true\">\n\t\t\t\t\t\t\t<video class=\"elementor-background-video-hosted\" autoplay muted playsinline loop><\/video>\n\t\t\t\t\t<\/div><div class=\"elementor-element elementor-element-4f35c88 e-con-full e-flex e-con e-child\" data-id=\"4f35c88\" data-element_type=\"container\">\n\t\t\t\t<div class=\"elementor-element elementor-element-944fe27 elementor-widget elementor-widget-heading\" data-id=\"944fe27\" data-element_type=\"widget\" data-widget_type=\"heading.default\">\n\t\t\t\t\t<h2 class=\"elementor-heading-title elementor-size-default\">RENAULT SYMBIOZ E-TECH ELECTRIC<\/h2>\t\t\t\t<\/div>\n\t\t\t\t<div class=\"elementor-element elementor-element-8187888 elementor-widget elementor-widget-heading\" data-id=\"8187888\" data-element_type=\"widget\" data-widget_type=\"heading.default\">\n\t\t\t\t\t<h2 class=\"elementor-heading-title elementor-size-default\">SCENIC<\/h2>\t\t\t\t<\/div>\n\t\t\t\t<div class=\"elementor-element elementor-element-e526838 elementor-widget elementor-widget-heading\" data-id=\"e526838\" data-element_type=\"widget\" data-widget_type=\"heading.default\">\n\t\t\t\t\t<h2 class=\"elementor-heading-title elementor-size-default\">de la 40.750 EUR<\/h2>\t\t\t\t<\/div>\n\t\t<div class=\"elementor-element elementor-element-8c8aebc e-con-full e-flex e-con e-child\" data-id=\"8c8aebc\" data-element_type=\"container\">\n\t\t<div class=\"elementor-element elementor-element-c0427f4 e-con-full elementor-hidden-tablet elementor-hidden-mobile e-flex e-con e-child\" data-id=\"c0427f4\" data-element_type=\"container\">\n\t\t\t\t<div class=\"elementor-element elementor-element-75e8e0d elementor-align-right elementor-mobile-align-center elementor-widget elementor-widget-button\" data-id=\"75e8e0d\" data-element_type=\"widget\" data-widget_type=\"button.default\">\n\t\t\t\t\t\t\t\t\t\t<a class=\"elementor-button elementor-button-link elementor-size-sm\" href=\"https:\/\/autoerebus.ro\/renault\/?page_id=884\">\n\t\t\t\t\t\t<span class=\"elementor-button-content-wrapper\">\n\t\t\t\t\t\t\t\t\t<span class=\"elementor-button-text\">cere o ofert\u0103<\/span>\n\t\t\t\t\t<\/span>\n\t\t\t\t\t<\/a>\n\t\t\t\t\t\t\t\t<\/div>\n\t\t\t\t<\/div>\n\t\t<div class=\"elementor-element elementor-element-4ea843e e-con-full elementor-hidden-tablet elementor-hidden-mobile e-flex e-con e-child\" data-id=\"4ea843e\" data-element_type=\"container\">\n\t\t\t\t<div class=\"elementor-element elementor-element-db9e612 elementor-align-left elementor-mobile-align-center elementor-widget elementor-widget-button\" data-id=\"db9e612\" data-element_type=\"widget\" data-widget_type=\"button.default\">\n\t\t\t\t\t\t\t\t\t\t<a class=\"elementor-button elementor-button-link elementor-size-sm\" href=\"#\">\n\t\t\t\t\t\t<span class=\"elementor-button-content-wrapper\">\n\t\t\t\t\t\t\t\t\t<span class=\"elementor-button-text\">test drive<\/span>\n\t\t\t\t\t<\/span>\n\t\t\t\t\t<\/a>\n\t\t\t\t\t\t\t\t<\/div>\n\t\t\t\t<\/div>\n\t\t\t\t<\/div>\n\t\t\t\t<\/div>\n\t\t\t\t\t<\/div>\n\t\t\t\t<\/div>\n\t\t<div class=\"elementor-element elementor-element-6240ae9 e-flex e-con-boxed e-con e-parent\" data-id=\"6240ae9\" data-element_type=\"container\" data-settings=\"{&quot;background_background&quot;:&quot;slideshow&quot;,&quot;background_slideshow_gallery&quot;:[{&quot;id&quot;:1217,&quot;url&quot;:&quot;https:\\\/\\\/autoerebus.ro\\\/renault\\\/wp-content\\\/uploads\\\/2025\\\/09\\\/download-2-scaled.png&quot;}],&quot;background_slideshow_loop&quot;:&quot;yes&quot;,&quot;background_slideshow_slide_duration&quot;:5000,&quot;background_slideshow_slide_transition&quot;:&quot;fade&quot;,&quot;background_slideshow_transition_duration&quot;:500}\">\n\t\t\t\t\t<div class=\"e-con-inner\">\n\t\t<div class=\"elementor-element elementor-element-d9fd826 e-con-full e-flex e-con e-child\" data-id=\"d9fd826\" data-element_type=\"container\">\n\t\t\t\t<\/div>\n\t\t<div class=\"elementor-element elementor-element-4bc59f5 e-con-full e-flex e-con e-child\" data-id=\"4bc59f5\" data-element_type=\"container\">\n\t\t\t\t<\/div>\n\t\t<div class=\"elementor-element elementor-element-7134cb7 e-con-full e-flex e-con e-child\" data-id=\"7134cb7\" data-element_type=\"container\">\n\t\t<div class=\"elementor-element elementor-element-4bf3e8c e-con-full e-flex e-con e-child\" data-id=\"4bf3e8c\" data-element_type=\"container\">\n\t\t<div class=\"elementor-element elementor-element-61c14a2 e-con-full e-flex e-con e-child\" data-id=\"61c14a2\" data-element_type=\"container\">\n\t\t\t\t<\/div>\n\t\t\t\t<\/div>\n\t\t\t\t<\/div>\n\t\t\t\t\t<\/div>\n\t\t\t\t<\/div>\n\t\t<div class=\"elementor-element elementor-element-b863001 e-flex e-con-boxed e-con e-parent\" data-id=\"b863001\" data-element_type=\"container\" data-settings=\"{&quot;background_background&quot;:&quot;classic&quot;}\">\n\t\t\t\t\t<div class=\"e-con-inner\">\n\t\t<div class=\"elementor-element elementor-element-d5d65b8 e-con-full e-flex e-con e-child\" data-id=\"d5d65b8\" data-element_type=\"container\">\n\t\t<div class=\"elementor-element elementor-element-049f34d e-con-full e-flex e-con e-child\" data-id=\"049f34d\" data-element_type=\"container\">\n\t\t<div class=\"elementor-element elementor-element-023fa5a e-con-full e-flex e-con e-child\" data-id=\"023fa5a\" data-element_type=\"container\">\n\t\t\t\t<div class=\"elementor-element elementor-element-3ea3547 elementor-widget elementor-widget-heading\" data-id=\"3ea3547\" data-element_type=\"widget\" data-widget_type=\"heading.default\">\n\t\t\t\t\t<h5 class=\"elementor-heading-title elementor-size-default\">220 CP<\/h5>\t\t\t\t<\/div>\n\t\t\t\t<div class=\"elementor-element elementor-element-504584d elementor-widget elementor-widget-heading\" data-id=\"504584d\" data-element_type=\"widget\" data-widget_type=\"heading.default\">\n\t\t\t\t\t<h5 class=\"elementor-heading-title elementor-size-default\">motorizare E-Tech electric<\/h5>\t\t\t\t<\/div>\n\t\t\t\t<div class=\"elementor-element elementor-element-939249f elementor-widget elementor-widget-heading\" data-id=\"939249f\" data-element_type=\"widget\" data-widget_type=\"heading.default\">\n\t\t\t\t\t<h5 class=\"elementor-heading-title elementor-size-default\">30 min.\n<\/h5>\t\t\t\t<\/div>\n\t\t\t\t<div class=\"elementor-element elementor-element-1a3c9bb elementor-widget elementor-widget-heading\" data-id=\"1a3c9bb\" data-element_type=\"widget\" data-widget_type=\"heading.default\">\n\t\t\t\t\t<h5 class=\"elementor-heading-title elementor-size-default\">pentru a recupera 2 ore de autonomie pe autostrad\u0103 \n<\/h5>\t\t\t\t<\/div>\n\t\t\t\t<div class=\"elementor-element elementor-element-d445bab elementor-widget elementor-widget-heading\" data-id=\"d445bab\" data-element_type=\"widget\" data-widget_type=\"heading.default\">\n\t\t\t\t\t<h5 class=\"elementor-heading-title elementor-size-default\">774 cm\u00b2<\/h5>\t\t\t\t<\/div>\n\t\t\t\t<div class=\"elementor-element elementor-element-ed1f2a4 elementor-widget elementor-widget-heading\" data-id=\"ed1f2a4\" data-element_type=\"widget\" data-widget_type=\"heading.default\">\n\t\t\t\t\t<h5 class=\"elementor-heading-title elementor-size-default\">2 ecrane openR<\/h5>\t\t\t\t<\/div>\n\t\t\t\t<div class=\"elementor-element elementor-element-ae9337b elementor-widget elementor-widget-heading\" data-id=\"ae9337b\" data-element_type=\"widget\" data-widget_type=\"heading.default\">\n\t\t\t\t\t<h5 class=\"elementor-heading-title elementor-size-default\">+30<\/h5>\t\t\t\t<\/div>\n\t\t\t\t<div class=\"elementor-element elementor-element-bdc81e5 elementor-widget elementor-widget-heading\" data-id=\"bdc81e5\" data-element_type=\"widget\" data-widget_type=\"heading.default\">\n\t\t\t\t\t<h5 class=\"elementor-heading-title elementor-size-default\">sisteme de siguran\u021b\u0103<\/h5>\t\t\t\t<\/div>\n\t\t\t\t<\/div>\n\t\t<div class=\"elementor-element elementor-element-f9fdf38 e-con-full e-flex e-con e-child\" data-id=\"f9fdf38\" data-element_type=\"container\">\n\t\t\t\t<div class=\"elementor-element elementor-element-2cba1c7 elementor-widget elementor-widget-heading\" data-id=\"2cba1c7\" data-element_type=\"widget\" data-widget_type=\"heading.default\">\n\t\t\t\t\t<h5 class=\"elementor-heading-title elementor-size-default\">p\u00e2n\u0103 la<\/h5>\t\t\t\t<\/div>\n\t\t\t\t<div class=\"elementor-element elementor-element-9594208 elementor-widget elementor-widget-heading\" data-id=\"9594208\" data-element_type=\"widget\" data-widget_type=\"heading.default\">\n\t\t\t\t\t<h5 class=\"elementor-heading-title elementor-size-default\">625 km<\/h5>\t\t\t\t<\/div>\n\t\t\t\t<div class=\"elementor-element elementor-element-e8a2dea elementor-widget elementor-widget-heading\" data-id=\"e8a2dea\" data-element_type=\"widget\" data-widget_type=\"heading.default\">\n\t\t\t\t\t<h5 class=\"elementor-heading-title elementor-size-default\">autonomie \u00een modul electric<\/h5>\t\t\t\t<\/div>\n\t\t\t\t<div class=\"elementor-element elementor-element-3453609 elementor-widget elementor-widget-heading\" data-id=\"3453609\" data-element_type=\"widget\" data-widget_type=\"heading.default\">\n\t\t\t\t\t<h5 class=\"elementor-heading-title elementor-size-default\">90 %<\/h5>\t\t\t\t<\/div>\n\t\t\t\t<div class=\"elementor-element elementor-element-0aa173a elementor-widget elementor-widget-heading\" data-id=\"0aa173a\" data-element_type=\"widget\" data-widget_type=\"heading.default\">\n\t\t\t\t\t<h5 class=\"elementor-heading-title elementor-size-default\">reciclabil <\/h5>\t\t\t\t<\/div>\n\t\t\t\t<div class=\"elementor-element elementor-element-628c30b elementor-widget elementor-widget-heading\" data-id=\"628c30b\" data-element_type=\"widget\" data-widget_type=\"heading.default\">\n\t\t\t\t\t<h5 class=\"elementor-heading-title elementor-size-default\">p\u00e2n\u0103 la\n<\/h5>\t\t\t\t<\/div>\n\t\t\t\t<div class=\"elementor-element elementor-element-2cec688 elementor-widget elementor-widget-heading\" data-id=\"2cec688\" data-element_type=\"widget\" data-widget_type=\"heading.default\">\n\t\t\t\t\t<h5 class=\"elementor-heading-title elementor-size-default\">+100 aplica\u021bii<\/h5>\t\t\t\t<\/div>\n\t\t\t\t<div class=\"elementor-element elementor-element-bbe1d3e elementor-widget elementor-widget-heading\" data-id=\"bbe1d3e\" data-element_type=\"widget\" data-widget_type=\"heading.default\">\n\t\t\t\t\t<h5 class=\"elementor-heading-title elementor-size-default\">sistem openR link cu servicii Google integrate<\/h5>\t\t\t\t<\/div>\n\t\t\t\t<div class=\"elementor-element elementor-element-067720c elementor-widget elementor-widget-heading\" data-id=\"067720c\" data-element_type=\"widget\" data-widget_type=\"heading.default\">\n\t\t\t\t\t<h5 class=\"elementor-heading-title elementor-size-default\">545 l<\/h5>\t\t\t\t<\/div>\n\t\t\t\t<div class=\"elementor-element elementor-element-61c4c2a elementor-widget elementor-widget-heading\" data-id=\"61c4c2a\" data-element_type=\"widget\" data-widget_type=\"heading.default\">\n\t\t\t\t\t<h5 class=\"elementor-heading-title elementor-size-default\">volum portbagaj<\/h5>\t\t\t\t<\/div>\n\t\t\t\t<\/div>\n\t\t\t\t<\/div>\n\t\t\t\t<\/div>\n\t\t\t\t\t<\/div>\n\t\t\t\t<\/div>\n\t\t<div class=\"elementor-element elementor-element-32f3614 e-con-full e-flex e-con e-parent\" data-id=\"32f3614\" data-element_type=\"container\" data-settings=\"{&quot;background_background&quot;:&quot;classic&quot;}\">\n\t\t<div class=\"elementor-element elementor-element-05bfcd8 e-flex e-con-boxed e-con e-child\" data-id=\"05bfcd8\" data-element_type=\"container\">\n\t\t\t\t\t<div class=\"e-con-inner\">\n\t\t<div class=\"elementor-element elementor-element-2ae3a99 e-con-full e-flex e-con e-child\" data-id=\"2ae3a99\" data-element_type=\"container\" data-settings=\"{&quot;background_background&quot;:&quot;classic&quot;}\">\n\t\t\t\t<div class=\"elementor-element elementor-element-67e6142 elementor-widget elementor-widget-heading\" data-id=\"67e6142\" data-element_type=\"widget\" data-widget_type=\"heading.default\">\n\t\t\t\t\t<h5 class=\"elementor-heading-title elementor-size-default\">motor E-Tech electric\n<\/h5>\t\t\t\t<\/div>\n\t\t\t\t<div class=\"elementor-element elementor-element-a1b74fd elementor-widget elementor-widget-heading\" data-id=\"a1b74fd\" data-element_type=\"widget\" data-widget_type=\"heading.default\">\n\t\t\t\t\t<h5 class=\"elementor-heading-title elementor-size-default\">Noua platform\u0103 electric\u0103 are o baterie integrat\u0103 \u0219i centrul de greutate foarte sc\u0103zut. Cu un motor electric\u2078 puternic \u0219i agil dezvolt\u0103 220 CP, acest lucru asigur\u0103 deplasarea lin\u0103, eficient\u0103 \u0219i silen\u021bioas\u0103 a modelului Scenic E-Tech electric.\n<\/h5>\t\t\t\t<\/div>\n\t\t\t\t<\/div>\n\t\t<div class=\"elementor-element elementor-element-fd4b583 e-con-full e-flex e-con e-child\" data-id=\"fd4b583\" data-element_type=\"container\" data-settings=\"{&quot;background_background&quot;:&quot;video&quot;,&quot;background_video_link&quot;:&quot;https:\\\/\\\/cdn.group.renault.com\\\/ren\\\/master\\\/renault-new-cars\\\/product-plans\\\/scenic\\\/hcb-scenic\\\/reveal\\\/new-editorial\\\/scenic-hcb-ph1-overview-014-desktop.mp4.asset.mp4\\\/108c8eadb5.mp4&quot;,&quot;background_play_on_mobile&quot;:&quot;yes&quot;}\">\n\t\t<div class=\"elementor-background-video-container\" aria-hidden=\"true\">\n\t\t\t\t\t\t\t<video class=\"elementor-background-video-hosted\" autoplay muted playsinline loop><\/video>\n\t\t\t\t\t<\/div>\t\t<\/div>\n\t\t\t\t\t<\/div>\n\t\t\t\t<\/div>\n\t\t\t\t<\/div>\n\t\t<div class=\"elementor-element elementor-element-f70a887 elementor-hidden-desktop e-flex e-con-boxed e-con e-parent\" data-id=\"f70a887\" data-element_type=\"container\" data-settings=\"{&quot;position&quot;:&quot;fixed&quot;,&quot;motion_fx_motion_fx_scrolling&quot;:&quot;yes&quot;,&quot;sticky&quot;:&quot;bottom&quot;,&quot;sticky_on&quot;:[&quot;tablet&quot;,&quot;mobile&quot;],&quot;motion_fx_devices&quot;:[&quot;desktop&quot;,&quot;tablet&quot;,&quot;mobile&quot;],&quot;sticky_offset&quot;:0,&quot;sticky_effects_offset&quot;:0,&quot;sticky_anchor_link_offset&quot;:0}\">\n\t\t\t\t\t<div class=\"e-con-inner\">\n\t\t<div class=\"elementor-element elementor-element-a748420 e-con-full e-flex e-con e-child\" data-id=\"a748420\" data-element_type=\"container\">\n\t\t\t\t<div class=\"elementor-element elementor-element-cb552bc elementor-align-left elementor-mobile-align-justify elementor-hidden-desktop elementor-widget elementor-widget-button\" data-id=\"cb552bc\" data-element_type=\"widget\" data-widget_type=\"button.default\">\n\t\t\t\t\t\t\t\t\t\t<a class=\"elementor-button elementor-button-link elementor-size-sm\" href=\"https:\/\/autoerebus.ro\/renault\/?page_id=884\">\n\t\t\t\t\t\t<span class=\"elementor-button-content-wrapper\">\n\t\t\t\t\t\t\t\t\t<span class=\"elementor-button-text\">cere o ofert\u0103<\/span>\n\t\t\t\t\t<\/span>\n\t\t\t\t\t<\/a>\n\t\t\t\t\t\t\t\t<\/div>\n\t\t\t\t<\/div>\n\t\t<div class=\"elementor-element elementor-element-b16608a e-con-full e-flex e-con e-child\" data-id=\"b16608a\" data-element_type=\"container\">\n\t\t\t\t<div class=\"elementor-element elementor-element-0cf15bc elementor-align-left elementor-mobile-align-justify elementor-hidden-desktop elementor-widget elementor-widget-button\" data-id=\"0cf15bc\" data-element_type=\"widget\" data-widget_type=\"button.default\">\n\t\t\t\t\t\t\t\t\t\t<a class=\"elementor-button elementor-button-link elementor-size-sm\" href=\"#\">\n\t\t\t\t\t\t<span class=\"elementor-button-content-wrapper\">\n\t\t\t\t\t\t\t\t\t<span class=\"elementor-button-text\">test drive<\/span>\n\t\t\t\t\t<\/span>\n\t\t\t\t\t<\/a>\n\t\t\t\t\t\t\t\t<\/div>\n\t\t\t\t<\/div>\n\t\t\t\t\t<\/div>\n\t\t\t\t<\/div>\n\t\t<div class=\"elementor-element elementor-element-7b74553 e-flex e-con-boxed e-con e-parent\" data-id=\"7b74553\" data-element_type=\"container\" data-settings=\"{&quot;background_background&quot;:&quot;video&quot;,&quot;background_video_link&quot;:&quot;https:\\\/\\\/cdn.group.renault.com\\\/ren\\\/master\\\/renault-new-cars\\\/product-plans\\\/scenic\\\/hcb-scenic\\\/my25\\\/overview\\\/scenic-hcb-ph1-my25-overview-070-desktop-va.mp4.asset.mp4\\\/62211dbcc6.mp4&quot;,&quot;background_play_on_mobile&quot;:&quot;yes&quot;}\">\n\t\t\t\t\t<div class=\"e-con-inner\">\n\t\t<div class=\"elementor-background-video-container\" aria-hidden=\"true\">\n\t\t\t\t\t\t\t<video class=\"elementor-background-video-hosted\" autoplay muted playsinline loop><\/video>\n\t\t\t\t\t<\/div><div class=\"elementor-element elementor-element-9c186be e-con-full e-flex e-con e-child\" data-id=\"9c186be\" data-element_type=\"container\">\n\t\t\t\t<\/div>\n\t\t<div class=\"elementor-element elementor-element-d4479a0 e-con-full e-flex e-con e-child\" data-id=\"d4479a0\" data-element_type=\"container\">\n\t\t\t\t<\/div>\n\t\t<div class=\"elementor-element elementor-element-69044a7 e-con-full e-flex e-con e-child\" data-id=\"69044a7\" data-element_type=\"container\">\n\t\t<div class=\"elementor-element elementor-element-5be6316 e-con-full e-flex e-con e-child\" data-id=\"5be6316\" data-element_type=\"container\">\n\t\t<div class=\"elementor-element elementor-element-f3018f8 e-con-full e-flex e-con e-child\" data-id=\"f3018f8\" data-element_type=\"container\">\n\t\t\t\t<\/div>\n\t\t<div class=\"elementor-element elementor-element-0264715 e-con-full e-flex e-con e-child\" data-id=\"0264715\" data-element_type=\"container\">\n\t\t\t\t<\/div>\n\t\t\t\t<\/div>\n\t\t\t\t<\/div>\n\t\t\t\t\t<\/div>\n\t\t\t\t<\/div>\n\t\t\t\t<\/div>\n\t\t","protected":false},"excerpt":{"rendered":"<p>RENAULT SYMBIOZ E-TECH ELECTRIC SCENIC de la 40.750 EUR cere o ofert\u0103 test drive 220 CP motorizare E-Tech electric 30 min. pentru a recupera 2 ore de autonomie pe autostrad\u0103 774 cm\u00b2 2 ecrane openR +30 sisteme de siguran\u021b\u0103 p\u00e2n\u0103 la 625 km autonomie \u00een modul electric 90 % reciclabil p\u00e2n\u0103 la +100 aplica\u021bii sistem [&hellip;]<\/p>\n","protected":false},"author":1,"featured_media":0,"parent":0,"menu_order":0,"comment_status":"closed","ping_status":"closed","template":"elementor_header_footer","meta":{"inline_featured_image":false,"footnotes":""},"class_list":["post-1155","page","type-page","status-publish","hentry"],"_links":{"self":[{"href":"https:\/\/autoerebus.ro\/renault\/index.php?rest_route=\/wp\/v2\/pages\/1155","targetHints":{"allow":["GET"]}}],"collection":[{"href":"https:\/\/autoerebus.ro\/renault\/index.php?rest_route=\/wp\/v2\/pages"}],"about":[{"href":"https:\/\/autoerebus.ro\/renault\/index.php?rest_route=\/wp\/v2\/types\/page"}],"author":[{"embeddable":true,"href":"https:\/\/autoerebus.ro\/renault\/index.php?rest_route=\/wp\/v2\/users\/1"}],"replies":[{"embeddable":true,"href":"https:\/\/autoerebus.ro\/renault\/index.php?rest_route=%2Fwp%2Fv2%2Fcomments&post=1155"}],"version-history":[{"count":42,"href":"https:\/\/autoerebus.ro\/renault\/index.php?rest_route=\/wp\/v2\/pages\/1155\/revisions"}],"predecessor-version":[{"id":1503,"href":"https:\/\/autoerebus.ro\/renault\/index.php?rest_route=\/wp\/v2\/pages\/1155\/revisions\/1503"}],"wp:attachment":[{"href":"https:\/\/autoerebus.ro\/renault\/index.php?rest_route=%2Fwp%2Fv2%2Fmedia&parent=1155"}],"curies":[{"name":"wp","href":"https:\/\/api.w.org\/{rel}","templated":true}]}}