{"id":1120,"date":"2025-09-03T07:01:43","date_gmt":"2025-09-03T07:01:43","guid":{"rendered":"https:\/\/3ads.ro\/clients\/renault\/?page_id=1120"},"modified":"2025-12-02T11:20:25","modified_gmt":"2025-12-02T11:20:25","slug":"leasing-financiar-persoane-fizice","status":"publish","type":"page","link":"https:\/\/autoerebus.ro\/renault\/?page_id=1120","title":{"rendered":"Leasing financiar &#8211; persoane fizice"},"content":{"rendered":"\t\t<div data-elementor-type=\"wp-page\" data-elementor-id=\"1120\" class=\"elementor elementor-1120\" data-elementor-post-type=\"page\">\n\t\t\t\t<div class=\"elementor-element elementor-element-d0521c7 e-flex e-con-boxed e-con e-parent\" data-id=\"d0521c7\" data-element_type=\"container\" data-settings=\"{&quot;background_background&quot;:&quot;slideshow&quot;,&quot;background_slideshow_gallery&quot;:[{&quot;id&quot;:978,&quot;url&quot;:&quot;https:\\\/\\\/autoerebus.ro\\\/renault\\\/wp-content\\\/uploads\\\/2025\\\/08\\\/17f4d8ea45.jpg&quot;}],&quot;background_slideshow_loop&quot;:&quot;yes&quot;,&quot;background_slideshow_slide_duration&quot;:5000,&quot;background_slideshow_slide_transition&quot;:&quot;fade&quot;,&quot;background_slideshow_transition_duration&quot;:500}\">\n\t\t\t\t\t<div class=\"e-con-inner\">\n\t\t<div class=\"elementor-element elementor-element-60e0f62 e-con-full e-flex e-con e-child\" data-id=\"60e0f62\" data-element_type=\"container\">\n\t\t<div class=\"elementor-element elementor-element-78cf96e e-con-full e-flex e-con e-child\" data-id=\"78cf96e\" data-element_type=\"container\">\n\t\t\t\t<div class=\"elementor-element elementor-element-88aa52e elementor-widget elementor-widget-heading\" data-id=\"88aa52e\" data-element_type=\"widget\" data-widget_type=\"heading.default\">\n\t\t\t\t\t<p class=\"elementor-heading-title elementor-size-default\">persoane fizice<\/p>\t\t\t\t<\/div>\n\t\t\t\t<div class=\"elementor-element elementor-element-7551a70 elementor-widget elementor-widget-heading\" data-id=\"7551a70\" data-element_type=\"widget\" data-widget_type=\"heading.default\">\n\t\t\t\t\t<p class=\"elementor-heading-title elementor-size-default\">Leasing financiar flexibil Renault<\/p>\t\t\t\t<\/div>\n\t\t\t\t<div class=\"elementor-element elementor-element-6ede87c elementor-widget elementor-widget-heading\" data-id=\"6ede87c\" data-element_type=\"widget\" data-widget_type=\"heading.default\">\n\t\t\t\t\t<h2 class=\"elementor-heading-title elementor-size-default\">Solu\u021bia clasic\u0103 \u0219i sigur\u0103 prin care \u00ee\u021bi faci drum spre noul t\u0103u model Renault, cu toat\u0103 \u00eencrederea oferit\u0103 de Autoerebus.<\/h2>\t\t\t\t<\/div>\n\t\t\t\t<div class=\"elementor-element elementor-element-a2c2e56 elementor-widget elementor-widget-button\" data-id=\"a2c2e56\" data-element_type=\"widget\" data-widget_type=\"button.default\">\n\t\t\t\t\t\t\t\t\t\t<a class=\"elementor-button elementor-button-link elementor-size-sm\" href=\"#form\">\n\t\t\t\t\t\t<span class=\"elementor-button-content-wrapper\">\n\t\t\t\t\t\t\t\t\t<span class=\"elementor-button-text\">Aplic\u0103 acum<\/span>\n\t\t\t\t\t<\/span>\n\t\t\t\t\t<\/a>\n\t\t\t\t\t\t\t\t<\/div>\n\t\t\t\t<\/div>\n\t\t<div class=\"elementor-element elementor-element-78827b3 e-con-full e-flex e-con e-child\" data-id=\"78827b3\" data-element_type=\"container\">\n\t\t\t\t<\/div>\n\t\t\t\t<\/div>\n\t\t\t\t\t<\/div>\n\t\t\t\t<\/div>\n\t\t<div class=\"elementor-element elementor-element-417bc75 e-flex e-con-boxed e-con e-parent\" data-id=\"417bc75\" data-element_type=\"container\">\n\t\t\t\t\t<div class=\"e-con-inner\">\n\t\t<div class=\"elementor-element elementor-element-2f1d7c6 e-con-full e-flex e-con e-child\" data-id=\"2f1d7c6\" data-element_type=\"container\">\n\t\t<div class=\"elementor-element elementor-element-0425db9 e-con-full e-flex e-con e-child\" data-id=\"0425db9\" data-element_type=\"container\">\n\t\t<div class=\"elementor-element elementor-element-a28b309 e-con-full e-flex e-con e-child\" data-id=\"a28b309\" data-element_type=\"container\">\n\t\t<div class=\"elementor-element elementor-element-0736d45 e-con-full e-flex e-con e-child\" data-id=\"0736d45\" data-element_type=\"container\" data-settings=\"{&quot;background_background&quot;:&quot;classic&quot;}\">\n\t\t\t\t<div class=\"elementor-element elementor-element-11b103b elementor-widget elementor-widget-heading\" data-id=\"11b103b\" data-element_type=\"widget\" data-widget_type=\"heading.default\">\n\t\t\t\t\t<h2 class=\"elementor-heading-title elementor-size-default\">La Autoerebus Renault ai libertatea de a-\u021bi configura planul de finan\u021bare exact cum \u00ee\u021bi dore\u0219ti<\/h2>\t\t\t\t<\/div>\n\t\t\t\t<\/div>\n\t\t<div class=\"elementor-element elementor-element-057a782 e-con-full e-flex e-con e-child\" data-id=\"057a782\" data-element_type=\"container\" data-settings=\"{&quot;background_background&quot;:&quot;classic&quot;}\">\n\t\t\t\t<div class=\"elementor-element elementor-element-a295cba elementor-widget elementor-widget-heading\" data-id=\"a295cba\" data-element_type=\"widget\" data-widget_type=\"heading.default\">\n\t\t\t\t\t<p class=\"elementor-heading-title elementor-size-default\">Tu alegi avansul <\/p>\t\t\t\t<\/div>\n\t\t\t\t<div class=\"elementor-element elementor-element-27d6682 elementor-widget elementor-widget-heading\" data-id=\"27d6682\" data-element_type=\"widget\" data-widget_type=\"heading.default\">\n\t\t\t\t\t<h2 class=\"elementor-heading-title elementor-size-default\">Stabile\u0219ti singur valoarea ini\u021bial\u0103 pe care vrei s\u0103 o pl\u0103te\u0219ti<\/h2>\t\t\t\t<\/div>\n\t\t\t\t<\/div>\n\t\t<div class=\"elementor-element elementor-element-20a7634 e-con-full e-flex e-con e-child\" data-id=\"20a7634\" data-element_type=\"container\" data-settings=\"{&quot;background_background&quot;:&quot;classic&quot;}\">\n\t\t\t\t<div class=\"elementor-element elementor-element-f1e82fc elementor-widget elementor-widget-heading\" data-id=\"f1e82fc\" data-element_type=\"widget\" data-widget_type=\"heading.default\">\n\t\t\t\t\t<p class=\"elementor-heading-title elementor-size-default\">Rate lunare mai mici <\/p>\t\t\t\t<\/div>\n\t\t\t\t<div class=\"elementor-element elementor-element-8460f0a elementor-widget elementor-widget-heading\" data-id=\"8460f0a\" data-element_type=\"widget\" data-widget_type=\"heading.default\">\n\t\t\t\t\t<h2 class=\"elementor-heading-title elementor-size-default\">Datorit\u0103 unei valori reziduale mai mari, comparativ cu un credit clasic*<\/h2>\t\t\t\t<\/div>\n\t\t\t\t<\/div>\n\t\t<div class=\"elementor-element elementor-element-e781564 e-con-full e-flex e-con e-child\" data-id=\"e781564\" data-element_type=\"container\" data-settings=\"{&quot;background_background&quot;:&quot;classic&quot;}\">\n\t\t\t\t<div class=\"elementor-element elementor-element-4885bd4 elementor-widget elementor-widget-heading\" data-id=\"4885bd4\" data-element_type=\"widget\" data-widget_type=\"heading.default\">\n\t\t\t\t\t<p class=\"elementor-heading-title elementor-size-default\">Dob\u00e2nd\u0103 fix\u0103 <\/p>\t\t\t\t<\/div>\n\t\t\t\t<div class=\"elementor-element elementor-element-f36d46b elementor-widget elementor-widget-heading\" data-id=\"f36d46b\" data-element_type=\"widget\" data-widget_type=\"heading.default\">\n\t\t\t\t\t<h2 class=\"elementor-heading-title elementor-size-default\">Pe toat\u0103 perioada contractual\u0103 \u2013 stabilitate \u0219i transparen\u021b\u0103.<\/h2>\t\t\t\t<\/div>\n\t\t\t\t<\/div>\n\t\t\t\t<\/div>\n\t\t\t\t<\/div>\n\t\t\t\t<\/div>\n\t\t\t\t\t<\/div>\n\t\t\t\t<\/div>\n\t\t<div class=\"elementor-element elementor-element-de4b8bc e-flex e-con-boxed e-con e-parent\" data-id=\"de4b8bc\" data-element_type=\"container\">\n\t\t\t\t\t<div class=\"e-con-inner\">\n\t\t<div class=\"elementor-element elementor-element-11169c0 e-con-full e-flex e-con e-child\" data-id=\"11169c0\" data-element_type=\"container\">\n\t\t<div class=\"elementor-element elementor-element-8d29108 e-con-full e-flex e-con e-child\" data-id=\"8d29108\" data-element_type=\"container\">\n\t\t<div class=\"elementor-element elementor-element-d0852a9 e-con-full e-flex e-con e-child\" data-id=\"d0852a9\" data-element_type=\"container\">\n\t\t<div class=\"elementor-element elementor-element-d414fa0 e-con-full e-flex e-con e-child\" data-id=\"d414fa0\" data-element_type=\"container\" data-settings=\"{&quot;background_background&quot;:&quot;classic&quot;}\">\n\t\t\t\t<div class=\"elementor-element elementor-element-47b474b elementor-widget elementor-widget-heading\" data-id=\"47b474b\" data-element_type=\"widget\" data-widget_type=\"heading.default\">\n\t\t\t\t\t<p class=\"elementor-heading-title elementor-size-default\">FLEXIBILITATE LA FINAL<\/p>\t\t\t\t<\/div>\n\t\t\t\t<div class=\"elementor-element elementor-element-a3eb026 elementor-widget elementor-widget-heading\" data-id=\"a3eb026\" data-element_type=\"widget\" data-widget_type=\"heading.default\">\n\t\t\t\t\t<h2 class=\"elementor-heading-title elementor-size-default\">La final de contract po\u021bi achita integral valoarea rezidual\u0103, solicita ree\u0219alonarea acesteia, restitui autovehiculul c\u0103tre finan\u021bator sau po\u021bi opta pentru o solu\u021bie de refinan\u021bare.\n<\/h2>\t\t\t\t<\/div>\n\t\t\t\t<\/div>\n\t\t<div class=\"elementor-element elementor-element-748add2 e-con-full e-flex e-con e-child\" data-id=\"748add2\" data-element_type=\"container\" data-settings=\"{&quot;background_background&quot;:&quot;classic&quot;}\">\n\t\t\t\t<div class=\"elementor-element elementor-element-98f0489 elementor-widget elementor-widget-heading\" data-id=\"98f0489\" data-element_type=\"widget\" data-widget_type=\"heading.default\">\n\t\t\t\t\t<p class=\"elementor-heading-title elementor-size-default\">\u00cen plus, leasingul financiar Renault vine cu pachetul \u201eF\u0102R\u0102 GRIJI\u201d**:<\/p>\t\t\t\t<\/div>\n\t\t\t\t<div class=\"elementor-element elementor-element-ce9fe64 elementor-widget elementor-widget-heading\" data-id=\"ce9fe64\" data-element_type=\"widget\" data-widget_type=\"heading.default\">\n\t\t\t\t\t<p class=\"elementor-heading-title elementor-size-default\">Garan\u021bie extins\u0103, revizii periodice, ITP \u0219i asisten\u021b\u0103 rutier\u0103.\n<\/p>\t\t\t\t<\/div>\n\t\t\t\t<\/div>\n\t\t\t\t<\/div>\n\t\t\t\t<\/div>\n\t\t\t\t<\/div>\n\t\t\t\t\t<\/div>\n\t\t\t\t<\/div>\n\t\t<div class=\"elementor-element elementor-element-0b898d3 e-flex e-con-boxed e-con e-parent\" data-id=\"0b898d3\" data-element_type=\"container\" data-settings=\"{&quot;background_background&quot;:&quot;classic&quot;}\">\n\t\t\t\t\t<div class=\"e-con-inner\">\n\t\t<div class=\"elementor-element elementor-element-f3649d5 e-con-full e-flex e-con e-child\" data-id=\"f3649d5\" data-element_type=\"container\">\n\t\t\t\t<div class=\"elementor-element elementor-element-6540848 elementor-widget elementor-widget-heading\" data-id=\"6540848\" data-element_type=\"widget\" data-widget_type=\"heading.default\">\n\t\t\t\t\t<p class=\"elementor-heading-title elementor-size-default\">* Valoarea rezidual\u0103 maxim\u0103 difer\u0103 \u00een func\u021bie de model \u0219i \u00ee\u021bi va fi comunicat\u0103 de c\u0103tre consultantul Autoerebus Renault.<\/p>\t\t\t\t<\/div>\n\t\t\t\t<div class=\"elementor-element elementor-element-8faf6a7 elementor-widget elementor-widget-heading\" data-id=\"8faf6a7\" data-element_type=\"widget\" data-widget_type=\"heading.default\">\n\t\t\t\t\t<p class=\"elementor-heading-title elementor-size-default\">** Po\u021bi opta \u0219i pentru varianta clasic\u0103 de leasing financiar, f\u0103r\u0103 servicii incluse.<\/p>\t\t\t\t<\/div>\n\t\t\t\t<\/div>\n\t\t\t\t\t<\/div>\n\t\t\t\t<\/div>\n\t\t<div class=\"elementor-element elementor-element-05bae64 e-flex e-con-boxed e-con e-parent\" data-id=\"05bae64\" data-element_type=\"container\" id=\"form\" data-settings=\"{&quot;background_background&quot;:&quot;classic&quot;}\">\n\t\t\t\t\t<div class=\"e-con-inner\">\n\t\t<div class=\"elementor-element elementor-element-bca669c e-con-full e-flex e-con e-child\" data-id=\"bca669c\" data-element_type=\"container\">\n\t\t\t\t<div class=\"elementor-element elementor-element-47e1cab elementor-widget elementor-widget-heading\" data-id=\"47e1cab\" data-element_type=\"widget\" data-widget_type=\"heading.default\">\n\t\t\t\t\t<p class=\"elementor-heading-title elementor-size-default\">Discut\u0103 cu un agent Autoerebus<\/p>\t\t\t\t<\/div>\n\t\t\t\t<div class=\"elementor-element elementor-element-7905cfe elementor-widget elementor-widget-heading\" data-id=\"7905cfe\" data-element_type=\"widget\" data-widget_type=\"heading.default\">\n\t\t\t\t\t<p class=\"elementor-heading-title elementor-size-default\">Las\u0103-ne un mesaj \u0219i te vom contacta \u00een cel mai scurt timp.<\/p>\t\t\t\t<\/div>\n\t\t\t\t<div class=\"elementor-element elementor-element-783243b elementor-button-align-stretch elementor-widget elementor-widget-form\" data-id=\"783243b\" data-element_type=\"widget\" data-settings=\"{&quot;step_next_label&quot;:&quot;Next&quot;,&quot;step_previous_label&quot;:&quot;Previous&quot;,&quot;button_width&quot;:&quot;100&quot;,&quot;step_type&quot;:&quot;number_text&quot;,&quot;step_icon_shape&quot;:&quot;circle&quot;}\" data-widget_type=\"form.default\">\n\t\t\t\t\t\t\t<form class=\"elementor-form\" method=\"post\" name=\"New Form\" aria-label=\"New Form\">\n\t\t\t<input type=\"hidden\" name=\"post_id\" value=\"1120\"\/>\n\t\t\t<input type=\"hidden\" name=\"form_id\" value=\"783243b\"\/>\n\t\t\t<input type=\"hidden\" name=\"referer_title\" value=\"Leasing financiar &#8211; persoane fizice\" \/>\n\n\t\t\t\t\t\t\t<input type=\"hidden\" name=\"queried_id\" value=\"1120\"\/>\n\t\t\t\n\t\t\t<div class=\"elementor-form-fields-wrapper elementor-labels-above\">\n\t\t\t\t\t\t\t\t<div class=\"elementor-field-type-text elementor-field-group elementor-column elementor-field-group-name elementor-col-33\">\n\t\t\t\t\t\t\t\t\t\t\t\t<label for=\"form-field-name\" class=\"elementor-field-label\">\n\t\t\t\t\t\t\t\tNume \u0219i prenume\t\t\t\t\t\t\t<\/label>\n\t\t\t\t\t\t\t\t\t\t\t\t\t\t<input size=\"1\" type=\"text\" name=\"form_fields[name]\" id=\"form-field-name\" class=\"elementor-field elementor-size-xl  elementor-field-textual\" placeholder=\"Ex. Adrian Ionescu\">\n\t\t\t\t\t\t\t\t\t\t\t<\/div>\n\t\t\t\t\t\t\t\t<div class=\"elementor-field-type-email elementor-field-group elementor-column elementor-field-group-email elementor-col-33 elementor-field-required\">\n\t\t\t\t\t\t\t\t\t\t\t\t<label for=\"form-field-email\" class=\"elementor-field-label\">\n\t\t\t\t\t\t\t\tAdres\u0103 de email\t\t\t\t\t\t\t<\/label>\n\t\t\t\t\t\t\t\t\t\t\t\t\t\t<input size=\"1\" type=\"email\" name=\"form_fields[email]\" id=\"form-field-email\" class=\"elementor-field elementor-size-xl  elementor-field-textual\" placeholder=\"Ex. adrian.ionescu@gmail.com\" required=\"required\">\n\t\t\t\t\t\t\t\t\t\t\t<\/div>\n\t\t\t\t\t\t\t\t<div class=\"elementor-field-type-tel elementor-field-group elementor-column elementor-field-group-field_97db384 elementor-col-33\">\n\t\t\t\t\t\t\t\t\t\t\t\t<label for=\"form-field-field_97db384\" class=\"elementor-field-label\">\n\t\t\t\t\t\t\t\tNum\u0103r de telefon\t\t\t\t\t\t\t<\/label>\n\t\t\t\t\t\t\t\t<input size=\"1\" type=\"tel\" name=\"form_fields[field_97db384]\" id=\"form-field-field_97db384\" class=\"elementor-field elementor-size-xl  elementor-field-textual\" placeholder=\"Ex. 0722 222 222\" pattern=\"[0-9()#&amp;+*-=.]+\" title=\"Only numbers and phone characters (#, -, *, etc) are accepted.\">\n\n\t\t\t\t\t\t<\/div>\n\t\t\t\t\t\t\t\t<div class=\"elementor-field-type-select elementor-field-group elementor-column elementor-field-group-field_12f4a80 elementor-col-50\">\n\t\t\t\t\t\t\t\t\t\t\t\t<label for=\"form-field-field_12f4a80\" class=\"elementor-field-label\">\n\t\t\t\t\t\t\t\tTIP ACHIZITIE\t\t\t\t\t\t\t<\/label>\n\t\t\t\t\t\t\t\t<div class=\"elementor-field elementor-select-wrapper remove-before \">\n\t\t\t<div class=\"select-caret-down-wrapper\">\n\t\t\t\t<svg aria-hidden=\"true\" class=\"e-font-icon-svg e-eicon-caret-down\" viewBox=\"0 0 571.4 571.4\" xmlns=\"http:\/\/www.w3.org\/2000\/svg\"><path d=\"M571 393Q571 407 561 418L311 668Q300 679 286 679T261 668L11 418Q0 407 0 393T11 368 36 357H536Q550 357 561 368T571 393Z\"><\/path><\/svg>\t\t\t<\/div>\n\t\t\t<select name=\"form_fields[field_12f4a80]\" id=\"form-field-field_12f4a80\" class=\"elementor-field-textual elementor-size-xl\">\n\t\t\t\t\t\t\t\t\t<option value=\"CREDIT AUTO\">CREDIT AUTO<\/option>\n\t\t\t\t\t\t\t\t\t<option value=\"LEASING FINANCIAR\">LEASING FINANCIAR<\/option>\n\t\t\t\t\t\t\t<\/select>\n\t\t<\/div>\n\t\t\t\t\t\t<\/div>\n\t\t\t\t\t\t\t\t<div class=\"elementor-field-type-select elementor-field-group elementor-column elementor-field-group-field_80f6201 elementor-col-50\">\n\t\t\t\t\t\t\t\t\t\t\t\t<label for=\"form-field-field_80f6201\" class=\"elementor-field-label\">\n\t\t\t\t\t\t\t\tc\u00e2nd v\u0103 putem contacta?\t\t\t\t\t\t\t<\/label>\n\t\t\t\t\t\t\t\t<div class=\"elementor-field elementor-select-wrapper remove-before \">\n\t\t\t<div class=\"select-caret-down-wrapper\">\n\t\t\t\t<svg aria-hidden=\"true\" class=\"e-font-icon-svg e-eicon-caret-down\" viewBox=\"0 0 571.4 571.4\" xmlns=\"http:\/\/www.w3.org\/2000\/svg\"><path d=\"M571 393Q571 407 561 418L311 668Q300 679 286 679T261 668L11 418Q0 407 0 393T11 368 36 357H536Q550 357 561 368T571 393Z\"><\/path><\/svg>\t\t\t<\/div>\n\t\t\t<select name=\"form_fields[field_80f6201]\" id=\"form-field-field_80f6201\" class=\"elementor-field-textual elementor-size-xl\">\n\t\t\t\t\t\t\t\t\t<option value=\"ORIC\u00c2ND\">ORIC\u00c2ND<\/option>\n\t\t\t\t\t\t\t\t\t<option value=\"09:00 - 12:00\">09:00 - 12:00<\/option>\n\t\t\t\t\t\t\t\t\t<option value=\"12:00 - 14:00\">12:00 - 14:00<\/option>\n\t\t\t\t\t\t\t\t\t<option value=\"14:00 - 17:00\">14:00 - 17:00<\/option>\n\t\t\t\t\t\t\t<\/select>\n\t\t<\/div>\n\t\t\t\t\t\t<\/div>\n\t\t\t\t\t\t\t\t<div class=\"elementor-field-group elementor-column elementor-field-type-submit elementor-col-100 e-form__buttons\">\n\t\t\t\t\t<button class=\"elementor-button elementor-size-sm\" type=\"submit\">\n\t\t\t\t\t\t<span class=\"elementor-button-content-wrapper\">\n\t\t\t\t\t\t\t\t\t\t\t\t\t\t\t<span class=\"elementor-button-icon\">\n\t\t\t\t\t\t\t\t\t<svg aria-hidden=\"true\" class=\"e-font-icon-svg e-fas-arrow-right\" viewBox=\"0 0 448 512\" xmlns=\"http:\/\/www.w3.org\/2000\/svg\"><path d=\"M190.5 66.9l22.2-22.2c9.4-9.4 24.6-9.4 33.9 0L441 239c9.4 9.4 9.4 24.6 0 33.9L246.6 467.3c-9.4 9.4-24.6 9.4-33.9 0l-22.2-22.2c-9.5-9.5-9.3-25 .4-34.3L311.4 296H24c-13.3 0-24-10.7-24-24v-32c0-13.3 10.7-24 24-24h287.4L190.9 101.2c-9.8-9.3-10-24.8-.4-34.3z\"><\/path><\/svg>\t\t\t\t\t\t\t\t\t\t\t\t\t\t\t\t\t<\/span>\n\t\t\t\t\t\t\t\t\t\t\t\t\t\t\t\t\t\t\t\t\t\t<span class=\"elementor-button-text\">trimite cererea<\/span>\n\t\t\t\t\t\t\t\t\t\t\t\t\t<\/span>\n\t\t\t\t\t<\/button>\n\t\t\t\t<\/div>\n\t\t\t<\/div>\n\t\t<\/form>\n\t\t\t\t\t\t<\/div>\n\t\t\t\t<\/div>\n\t\t\t\t\t<\/div>\n\t\t\t\t<\/div>\n\t\t\t\t<\/div>\n\t\t","protected":false},"excerpt":{"rendered":"<p>persoane fizice Leasing financiar flexibil Renault Solu\u021bia clasic\u0103 \u0219i sigur\u0103 prin care \u00ee\u021bi faci drum spre noul t\u0103u model Renault, cu toat\u0103 \u00eencrederea oferit\u0103 de Autoerebus. Aplic\u0103 acum La Autoerebus Renault ai libertatea de a-\u021bi configura planul de finan\u021bare exact cum \u00ee\u021bi dore\u0219ti Tu alegi avansul Stabile\u0219ti singur valoarea ini\u021bial\u0103 pe care vrei s\u0103 o [&hellip;]<\/p>\n","protected":false},"author":1,"featured_media":0,"parent":0,"menu_order":0,"comment_status":"closed","ping_status":"closed","template":"elementor_header_footer","meta":{"inline_featured_image":false,"footnotes":""},"class_list":["post-1120","page","type-page","status-publish","hentry"],"_links":{"self":[{"href":"https:\/\/autoerebus.ro\/renault\/index.php?rest_route=\/wp\/v2\/pages\/1120","targetHints":{"allow":["GET"]}}],"collection":[{"href":"https:\/\/autoerebus.ro\/renault\/index.php?rest_route=\/wp\/v2\/pages"}],"about":[{"href":"https:\/\/autoerebus.ro\/renault\/index.php?rest_route=\/wp\/v2\/types\/page"}],"author":[{"embeddable":true,"href":"https:\/\/autoerebus.ro\/renault\/index.php?rest_route=\/wp\/v2\/users\/1"}],"replies":[{"embeddable":true,"href":"https:\/\/autoerebus.ro\/renault\/index.php?rest_route=%2Fwp%2Fv2%2Fcomments&post=1120"}],"version-history":[{"count":43,"href":"https:\/\/autoerebus.ro\/renault\/index.php?rest_route=\/wp\/v2\/pages\/1120\/revisions"}],"predecessor-version":[{"id":1365,"href":"https:\/\/autoerebus.ro\/renault\/index.php?rest_route=\/wp\/v2\/pages\/1120\/revisions\/1365"}],"wp:attachment":[{"href":"https:\/\/autoerebus.ro\/renault\/index.php?rest_route=%2Fwp%2Fv2%2Fmedia&parent=1120"}],"curies":[{"name":"wp","href":"https:\/\/api.w.org\/{rel}","templated":true}]}}